{"id":9752,"date":"2020-05-15T23:45:22","date_gmt":"2020-05-15T15:45:22","guid":{"rendered":"https:\/\/battery9999.com\/de\/products\/%e9%8b%b0%e9%9b%bb%e6%b1%a0%e5%ba%a7%e5%85%85\/"},"modified":"2022-08-05T09:32:39","modified_gmt":"2022-08-05T01:32:39","slug":"lithium-ladegeraet","status":"publish","type":"page","link":"https:\/\/battery9999.com\/de\/produkt\/andere\/lithium-ladegeraet\/","title":{"rendered":"Ladeger\u00e4t f\u00fcr Lithium-Akkus"},"content":{"rendered":"<div id='full_slider_1'  class='avia-fullwidth-slider main_color avia-shadow   avia-builder-el-0  el_before_av_one_full  avia-builder-el-first   container_wrap sidebar_left'  ><div  class='avia-slideshow av-av_slideshow_full-37f46070fd608af2edf7ab4026830501 avia-slideshow-featured av_slideshow_full avia-slide-slider av-slideshow-ui av-control-default av-slideshow-manual av-loop-once av-loop-manual-endless av-default-height-applied   avia-slideshow-1' data-slideshow-options=\"{&quot;animation&quot;:&quot;slide&quot;,&quot;autoplay&quot;:false,&quot;loop_autoplay&quot;:&quot;once&quot;,&quot;interval&quot;:5,&quot;loop_manual&quot;:&quot;manual-endless&quot;,&quot;autoplay_stopper&quot;:false,&quot;noNavigation&quot;:false,&quot;bg_slider&quot;:false,&quot;keep_padding&quot;:false,&quot;hoverpause&quot;:false,&quot;show_slide_delay&quot;:0}\"  itemprop=\"image\" itemscope=\"itemscope\" itemtype=\"https:\/\/schema.org\/ImageObject\" ><ul class='avia-slideshow-inner ' style='padding-bottom: 28.666666666667%;'><li  class='avia-slideshow-slide av-av_slideshow_full-37f46070fd608af2edf7ab4026830501__0  av-single-slide slide-1 slide-odd'><div data-rel='slideshow-1' class='avia-slide-wrap '   ><img fetchpriority=\"high\" class=\"wp-image-15229 avia-img-lazy-loading-not-15229\"  src='https:\/\/battery9999.com\/wp-content\/uploads\/2020\/05\/istockphoto-1310679799-1024x1024-transformed.jpeg' width='1500' height='430' title='istockphoto-1310679799-1024x1024-transformed' alt=''  itemprop=\"thumbnailUrl\"   \/><\/div><\/li><\/ul><\/div><\/div><div id='after_full_slider_1'  class='main_color av_default_container_wrap container_wrap sidebar_left'  ><div class='container av-section-cont-open' ><div class='template-page content  av-content-small units'><div class='post-entry post-entry-type-page post-entry-9752'><div class='entry-content-wrapper clearfix'>\n\n<style type=\"text\/css\" data-created_by=\"avia_inline_auto\" id=\"style-css-av-av_one_full-9497bbf8bff73ea4c6992cc17fa9ec36\">\n.flex_column.av-av_one_full-9497bbf8bff73ea4c6992cc17fa9ec36{\nborder-radius:0px 0px 0px 0px;\npadding:0px 0px 0px 0px;\n}\n<\/style>\n<div  class='flex_column av-av_one_full-9497bbf8bff73ea4c6992cc17fa9ec36 av_one_full  avia-builder-el-1  el_after_av_slideshow_full  avia-builder-el-no-sibling  first flex_column_div av-zero-column-padding  '     ><div  id=\"av-sc-portfolio-1\"  class=' grid-sort-container isotope   no_margin-container with-excerpt-container grid-total-odd grid-col-4 grid-links-' data-portfolio-id='1'><div data-ajax-id='20139' class=' grid-entry flex_column isotope-item all_sort no_margin post-entry post-entry-20139 grid-entry-overview grid-loop-1 grid-parity-odd  lithium-ladegeraet-de_sort  av_one_fourth first default_av_fullwidth '><article class='main_color inner-entry'  itemscope=\"itemscope\" itemtype=\"https:\/\/schema.org\/CreativeWork\" ><a href=\"https:\/\/battery9999.com\/de\/portfolio-item\/nb2037nd2057%e9%8b%b0%e9%9b%bb%e6%b1%a0%e7%b5%84%e5%85%85%e9%9b%bb%e5%ba%a7\/\" title='Ladestation f\u00fcr Lithium-Akkupacks NB2037 und ND2057'  data-rel='grid-1' class='grid-image avia-hover-fx'> <img decoding=\"async\" fetchpriority=\"high\" width=\"260\" height=\"185\" src=\"https:\/\/battery9999.com\/wp-content\/uploads\/2025\/07\/NB2037ND2057\u92f0\u96fb\u6c60\u7d44\u5145\u96fb\u5ea7-2-260x185.jpg\" class=\"wp-image-20130 avia-img-lazy-loading-not-20130 attachment-portfolio_small size-portfolio_small wp-post-image\" alt=\"\" \/><\/a><div class='grid-content'><div class='avia-arrow'><\/div><header class=\"entry-content-header\" aria-label=\"Portfolio: Ladestation f\u00fcr Lithium-Akkupacks NB2037 und ND2057\"><h3 class='grid-entry-title entry-title '  itemprop=\"headline\" ><a href='https:\/\/battery9999.com\/de\/portfolio-item\/nb2037nd2057%e9%8b%b0%e9%9b%bb%e6%b1%a0%e7%b5%84%e5%85%85%e9%9b%bb%e5%ba%a7\/' title='Ladestation f\u00fcr Lithium-Akkupacks NB2037 und ND2057'>Ladestation f\u00fcr Lithium-Akkupacks NB2037 und ND2057<\/a><\/h3><\/header><\/div><footer class=\"entry-footer\"><\/footer><\/article><\/div><div data-ajax-id='17264' class=' grid-entry flex_column isotope-item all_sort no_margin post-entry post-entry-17264 grid-entry-overview grid-loop-2 grid-parity-even  lithium-ladegeraet-de_sort  av_one_fourth  default_av_fullwidth '><article class='main_color inner-entry'  itemscope=\"itemscope\" itemtype=\"https:\/\/schema.org\/CreativeWork\" ><a href=\"https:\/\/battery9999.com\/de\/portfolio-item\/nd2057%e9%8b%b0%e9%9b%bb%e6%b1%a0%e7%b5%84%e5%85%85%e9%9b%bb%e5%ba%a7\/\" title='Ladestation f\u00fcr Lithium-Akkus ND2057 und NB2037'  data-rel='grid-1' class='grid-image avia-hover-fx'> <img decoding=\"async\" fetchpriority=\"high\" width=\"260\" height=\"185\" src=\"https:\/\/battery9999.com\/wp-content\/uploads\/2022\/09\/B2037\u92f0\u96fb\u6c60\u7d44\u5145\u96fb\u5ea7-1-260x185.jpg\" class=\"wp-image-19685 avia-img-lazy-loading-not-19685 attachment-portfolio_small size-portfolio_small wp-post-image\" alt=\"\" \/><\/a><div class='grid-content'><div class='avia-arrow'><\/div><header class=\"entry-content-header\" aria-label=\"Portfolio: Ladestation f\u00fcr Lithium-Akkus ND2057 und NB2037\"><h3 class='grid-entry-title entry-title '  itemprop=\"headline\" ><a href='https:\/\/battery9999.com\/de\/portfolio-item\/nd2057%e9%8b%b0%e9%9b%bb%e6%b1%a0%e7%b5%84%e5%85%85%e9%9b%bb%e5%ba%a7\/' title='Ladestation f\u00fcr Lithium-Akkus ND2057 und NB2037'>Ladestation f\u00fcr Lithium-Akkus ND2057 und NB2037<\/a><\/h3><\/header><\/div><footer class=\"entry-footer\"><\/footer><\/article><\/div><div data-ajax-id='17938' class=' grid-entry flex_column isotope-item all_sort no_margin post-entry post-entry-17938 grid-entry-overview grid-loop-3 grid-parity-odd  lithium-ladegeraet-de_sort  av_one_fourth  default_av_fullwidth '><article class='main_color inner-entry'  itemscope=\"itemscope\" itemtype=\"https:\/\/schema.org\/CreativeWork\" ><a href=\"https:\/\/battery9999.com\/de\/portfolio-item\/dr2024%e9%8b%b0%e9%9b%bb%e6%b1%a0%e7%b5%84%e5%85%85%e9%9b%bb%e5%ba%a7\/\" title='Ladestation f\u00fcr Lithium-Akkus DR2024'  data-rel='grid-1' class='grid-image avia-hover-fx'> <img decoding=\"async\" fetchpriority=\"high\" width=\"260\" height=\"185\" src=\"https:\/\/battery9999.com\/wp-content\/uploads\/2022\/07\/DR2024-1-260x185.jpg\" class=\"wp-image-15890 avia-img-lazy-loading-not-15890 attachment-portfolio_small size-portfolio_small wp-post-image\" alt=\"\" \/><\/a><div class='grid-content'><div class='avia-arrow'><\/div><header class=\"entry-content-header\" aria-label=\"Portfolio: Ladestation f\u00fcr Lithium-Akkus DR2024\"><h3 class='grid-entry-title entry-title '  itemprop=\"headline\" ><a href='https:\/\/battery9999.com\/de\/portfolio-item\/dr2024%e9%8b%b0%e9%9b%bb%e6%b1%a0%e7%b5%84%e5%85%85%e9%9b%bb%e5%ba%a7\/' title='Ladestation f\u00fcr Lithium-Akkus DR2024'>Ladestation f\u00fcr Lithium-Akkus DR2024<\/a><\/h3><\/header><\/div><footer class=\"entry-footer\"><\/footer><\/article><\/div><div data-ajax-id='17909' class=' grid-entry flex_column isotope-item all_sort no_margin post-entry post-entry-17909 grid-entry-overview grid-loop-4 grid-parity-even  lithium-ladegeraet-de_sort  av_one_fourth  default_av_fullwidth '><article class='main_color inner-entry'  itemscope=\"itemscope\" itemtype=\"https:\/\/schema.org\/CreativeWork\" ><a href=\"https:\/\/battery9999.com\/de\/portfolio-item\/dr202%e9%8b%b0%e9%9b%bb%e6%b1%a0%e7%b5%84%e5%ba%a7%e5%85%85%e5%96%ae\/\" title='DR202-Lithium-Akku-Ladest\u00e4nder (einzeln)'  data-rel='grid-1' class='grid-image avia-hover-fx'> <img decoding=\"async\" fetchpriority=\"high\" width=\"260\" height=\"185\" src=\"https:\/\/battery9999.com\/wp-content\/uploads\/2022\/09\/ND2057-1-260x185.jpg\" class=\"wp-image-15885 avia-img-lazy-loading-not-15885 attachment-portfolio_small size-portfolio_small wp-post-image\" alt=\"\" \/><\/a><div class='grid-content'><div class='avia-arrow'><\/div><header class=\"entry-content-header\" aria-label=\"Portfolio: DR202-Lithium-Akku-Ladest\u00e4nder (einzeln)\"><h3 class='grid-entry-title entry-title '  itemprop=\"headline\" ><a href='https:\/\/battery9999.com\/de\/portfolio-item\/dr202%e9%8b%b0%e9%9b%bb%e6%b1%a0%e7%b5%84%e5%ba%a7%e5%85%85%e5%96%ae\/' title='DR202-Lithium-Akku-Ladest\u00e4nder (einzeln)'>DR202-Lithium-Akku-Ladest\u00e4nder (einzeln)<\/a><\/h3><\/header><\/div><footer class=\"entry-footer\"><\/footer><\/article><\/div><div data-ajax-id='17955' class=' grid-entry flex_column isotope-item all_sort no_margin post-entry post-entry-17955 grid-entry-overview grid-loop-5 grid-parity-odd  lithium-ladegeraet-de_sort  av_one_fourth first default_av_fullwidth '><article class='main_color inner-entry'  itemscope=\"itemscope\" itemtype=\"https:\/\/schema.org\/CreativeWork\" ><a href=\"https:\/\/battery9999.com\/de\/portfolio-item\/dr10%e9%8b%b0%e9%9b%bb%e6%b1%a0%e7%b5%84%e5%ba%a7%e5%85%85\/\" title='Ladestation f\u00fcr DR10-Lithium-Akkus'  data-rel='grid-1' class='grid-image avia-hover-fx'> <img decoding=\"async\" fetchpriority=\"high\" width=\"260\" height=\"185\" src=\"https:\/\/battery9999.com\/wp-content\/uploads\/2022\/07\/DR10-1-260x185.jpg\" class=\"wp-image-15881 avia-img-lazy-loading-not-15881 attachment-portfolio_small size-portfolio_small wp-post-image\" alt=\"\" \/><\/a><div class='grid-content'><div class='avia-arrow'><\/div><header class=\"entry-content-header\" aria-label=\"Portfolio: Ladestation f\u00fcr DR10-Lithium-Akkus\"><h3 class='grid-entry-title entry-title '  itemprop=\"headline\" ><a href='https:\/\/battery9999.com\/de\/portfolio-item\/dr10%e9%8b%b0%e9%9b%bb%e6%b1%a0%e7%b5%84%e5%ba%a7%e5%85%85\/' title='Ladestation f\u00fcr DR10-Lithium-Akkus'>Ladestation f\u00fcr DR10-Lithium-Akkus<\/a><\/h3><\/header><\/div><footer class=\"entry-footer\"><\/footer><\/article><\/div><div data-ajax-id='10787' class=' grid-entry flex_column isotope-item all_sort no_margin post-entry post-entry-10787 grid-entry-overview grid-loop-6 grid-parity-even  lithium-ladegeraet-de_sort  av_one_fourth  default_av_fullwidth '><article class='main_color inner-entry'  itemscope=\"itemscope\" itemtype=\"https:\/\/schema.org\/CreativeWork\" ><a href=\"https:\/\/battery9999.com\/de\/portfolio-item\/dr202%e9%8b%b0%e9%9b%bb%e6%b1%a0%e5%85%85%e9%9b%bb%e5%ba%a7%e9%bb%91\/\" title='DR202 Lithium-Batterieladest\u00e4nder (schwarz)'  data-rel='grid-1' class='grid-image avia-hover-fx'> <img decoding=\"async\" fetchpriority=\"high\" width=\"260\" height=\"185\" src=\"https:\/\/battery9999.com\/wp-content\/uploads\/2019\/05\/202-12-260x185.jpg\" class=\"wp-image-6452 avia-img-lazy-loading-not-6452 attachment-portfolio_small size-portfolio_small wp-post-image\" alt=\"\" \/><\/a><div class='grid-content'><div class='avia-arrow'><\/div><header class=\"entry-content-header\" aria-label=\"Portfolio: DR202 Lithium-Batterieladest\u00e4nder (schwarz)\"><h3 class='grid-entry-title entry-title '  itemprop=\"headline\" ><a href='https:\/\/battery9999.com\/de\/portfolio-item\/dr202%e9%8b%b0%e9%9b%bb%e6%b1%a0%e5%85%85%e9%9b%bb%e5%ba%a7%e9%bb%91\/' title='DR202 Lithium-Batterieladest\u00e4nder (schwarz)'>DR202 Lithium-Batterieladest\u00e4nder (schwarz)<\/a><\/h3><\/header><\/div><footer class=\"entry-footer\"><\/footer><\/article><\/div><div data-ajax-id='10789' class=' grid-entry flex_column isotope-item all_sort no_margin post-entry post-entry-10789 grid-entry-overview grid-loop-7 grid-parity-odd  post-entry-last  lithium-ladegeraet-de_sort  av_one_fourth  default_av_fullwidth '><article class='main_color inner-entry'  itemscope=\"itemscope\" itemtype=\"https:\/\/schema.org\/CreativeWork\" ><a href=\"https:\/\/battery9999.com\/de\/portfolio-item\/dr202%e5%ba%a7%e5%85%85\/\" title='DR202 Lithium-Batterieladest\u00e4nder (wei\u00df)'  data-rel='grid-1' class='grid-image avia-hover-fx'> <img decoding=\"async\" fetchpriority=\"high\" width=\"260\" height=\"185\" src=\"https:\/\/battery9999.com\/wp-content\/uploads\/2018\/12\/DR202\u5ea7\u5145-260x185.jpeg\" class=\"wp-image-6417 avia-img-lazy-loading-not-6417 attachment-portfolio_small size-portfolio_small wp-post-image\" alt=\"\" \/><\/a><div class='grid-content'><div class='avia-arrow'><\/div><header class=\"entry-content-header\" aria-label=\"Portfolio: DR202 Lithium-Batterieladest\u00e4nder (wei\u00df)\"><h3 class='grid-entry-title entry-title '  itemprop=\"headline\" ><a href='https:\/\/battery9999.com\/de\/portfolio-item\/dr202%e5%ba%a7%e5%85%85\/' title='DR202 Lithium-Batterieladest\u00e4nder (wei\u00df)'>DR202 Lithium-Batterieladest\u00e4nder (wei\u00df)<\/a><\/h3><\/header><\/div><footer class=\"entry-footer\"><\/footer><\/article><\/div><\/div><\/div>\n","protected":false},"excerpt":{"rendered":"","protected":false},"author":9,"featured_media":0,"parent":13781,"menu_order":0,"comment_status":"closed","ping_status":"closed","template":"","meta":{"footnotes":""},"class_list":["post-9752","page","type-page","status-publish","hentry"],"yoast_head":"<!-- This site is optimized with the Yoast SEO plugin v24.4 - https:\/\/yoast.com\/wordpress\/plugins\/seo\/ -->\n<title>Ladeger\u00e4t f\u00fcr Lithium-Akkus - \u660c\u8467\u80a1\u4efd\u6709\u9650\u516c\u53f8<\/title>\n<meta name=\"robots\" content=\"index, follow, max-snippet:-1, max-image-preview:large, max-video-preview:-1\" \/>\n<link rel=\"canonical\" href=\"https:\/\/battery9999.com\/de\/produkt\/andere\/lithium-ladegeraet\/\" \/>\n<meta property=\"og:locale\" content=\"de_DE\" \/>\n<meta property=\"og:type\" content=\"article\" \/>\n<meta property=\"og:title\" content=\"Ladeger\u00e4t f\u00fcr Lithium-Akkus - \u660c\u8467\u80a1\u4efd\u6709\u9650\u516c\u53f8\" \/>\n<meta property=\"og:url\" content=\"https:\/\/battery9999.com\/de\/produkt\/andere\/lithium-ladegeraet\/\" \/>\n<meta property=\"og:site_name\" content=\"\u660c\u8467\u80a1\u4efd\u6709\u9650\u516c\u53f8\" \/>\n<meta property=\"article:modified_time\" content=\"2022-08-05T01:32:39+00:00\" \/>\n<meta name=\"twitter:card\" content=\"summary_large_image\" \/>\n<meta name=\"twitter:label1\" content=\"Est. reading time\" \/>\n\t<meta name=\"twitter:data1\" content=\"1 minute\" \/>\n<script type=\"application\/ld+json\" class=\"yoast-schema-graph\">{\"@context\":\"https:\/\/schema.org\",\"@graph\":[{\"@type\":\"WebPage\",\"@id\":\"https:\/\/battery9999.com\/de\/produkt\/andere\/lithium-ladegeraet\/\",\"url\":\"https:\/\/battery9999.com\/de\/produkt\/andere\/lithium-ladegeraet\/\",\"name\":\"Ladeger\u00e4t f\u00fcr Lithium-Akkus - \u660c\u8467\u80a1\u4efd\u6709\u9650\u516c\u53f8\",\"isPartOf\":{\"@id\":\"https:\/\/battery9999.com\/#website\"},\"datePublished\":\"2020-05-15T15:45:22+00:00\",\"dateModified\":\"2022-08-05T01:32:39+00:00\",\"breadcrumb\":{\"@id\":\"https:\/\/battery9999.com\/de\/produkt\/andere\/lithium-ladegeraet\/#breadcrumb\"},\"inLanguage\":\"de-DE\",\"potentialAction\":[{\"@type\":\"ReadAction\",\"target\":[\"https:\/\/battery9999.com\/de\/produkt\/andere\/lithium-ladegeraet\/\"]}]},{\"@type\":\"BreadcrumbList\",\"@id\":\"https:\/\/battery9999.com\/de\/produkt\/andere\/lithium-ladegeraet\/#breadcrumb\",\"itemListElement\":[{\"@type\":\"ListItem\",\"position\":1,\"name\":\"\u9996\u9801\",\"item\":\"https:\/\/battery9999.com\/de\/\"},{\"@type\":\"ListItem\",\"position\":2,\"name\":\"Produkt\",\"item\":\"https:\/\/battery9999.com\/de\/produkt\/\"},{\"@type\":\"ListItem\",\"position\":3,\"name\":\"Andere\",\"item\":\"https:\/\/battery9999.com\/de\/produkt\/andere\/\"},{\"@type\":\"ListItem\",\"position\":4,\"name\":\"Ladeger\u00e4t f\u00fcr Lithium-Akkus\"}]},{\"@type\":\"WebSite\",\"@id\":\"https:\/\/battery9999.com\/#website\",\"url\":\"https:\/\/battery9999.com\/\",\"name\":\"\u660c\u8467\u80a1\u4efd\u6709\u9650\u516c\u53f8\",\"description\":\"\u5c08\u696d\u96fb\u6c60\u7d44\u8a2d\u8a08\/\u751f\u7522\/\u88fd\u9020\",\"potentialAction\":[{\"@type\":\"SearchAction\",\"target\":{\"@type\":\"EntryPoint\",\"urlTemplate\":\"https:\/\/battery9999.com\/?s={search_term_string}\"},\"query-input\":{\"@type\":\"PropertyValueSpecification\",\"valueRequired\":true,\"valueName\":\"search_term_string\"}}],\"inLanguage\":\"de-DE\"}]}<\/script>\n<!-- \/ Yoast SEO plugin. -->","yoast_head_json":{"title":"Ladeger\u00e4t f\u00fcr Lithium-Akkus - \u660c\u8467\u80a1\u4efd\u6709\u9650\u516c\u53f8","robots":{"index":"index","follow":"follow","max-snippet":"max-snippet:-1","max-image-preview":"max-image-preview:large","max-video-preview":"max-video-preview:-1"},"canonical":"https:\/\/battery9999.com\/de\/produkt\/andere\/lithium-ladegeraet\/","og_locale":"de_DE","og_type":"article","og_title":"Ladeger\u00e4t f\u00fcr Lithium-Akkus - \u660c\u8467\u80a1\u4efd\u6709\u9650\u516c\u53f8","og_url":"https:\/\/battery9999.com\/de\/produkt\/andere\/lithium-ladegeraet\/","og_site_name":"\u660c\u8467\u80a1\u4efd\u6709\u9650\u516c\u53f8","article_modified_time":"2022-08-05T01:32:39+00:00","twitter_card":"summary_large_image","twitter_misc":{"Est. reading time":"1 minute"},"schema":{"@context":"https:\/\/schema.org","@graph":[{"@type":"WebPage","@id":"https:\/\/battery9999.com\/de\/produkt\/andere\/lithium-ladegeraet\/","url":"https:\/\/battery9999.com\/de\/produkt\/andere\/lithium-ladegeraet\/","name":"Ladeger\u00e4t f\u00fcr Lithium-Akkus - \u660c\u8467\u80a1\u4efd\u6709\u9650\u516c\u53f8","isPartOf":{"@id":"https:\/\/battery9999.com\/#website"},"datePublished":"2020-05-15T15:45:22+00:00","dateModified":"2022-08-05T01:32:39+00:00","breadcrumb":{"@id":"https:\/\/battery9999.com\/de\/produkt\/andere\/lithium-ladegeraet\/#breadcrumb"},"inLanguage":"de-DE","potentialAction":[{"@type":"ReadAction","target":["https:\/\/battery9999.com\/de\/produkt\/andere\/lithium-ladegeraet\/"]}]},{"@type":"BreadcrumbList","@id":"https:\/\/battery9999.com\/de\/produkt\/andere\/lithium-ladegeraet\/#breadcrumb","itemListElement":[{"@type":"ListItem","position":1,"name":"\u9996\u9801","item":"https:\/\/battery9999.com\/de\/"},{"@type":"ListItem","position":2,"name":"Produkt","item":"https:\/\/battery9999.com\/de\/produkt\/"},{"@type":"ListItem","position":3,"name":"Andere","item":"https:\/\/battery9999.com\/de\/produkt\/andere\/"},{"@type":"ListItem","position":4,"name":"Ladeger\u00e4t f\u00fcr Lithium-Akkus"}]},{"@type":"WebSite","@id":"https:\/\/battery9999.com\/#website","url":"https:\/\/battery9999.com\/","name":"\u660c\u8467\u80a1\u4efd\u6709\u9650\u516c\u53f8","description":"\u5c08\u696d\u96fb\u6c60\u7d44\u8a2d\u8a08\/\u751f\u7522\/\u88fd\u9020","potentialAction":[{"@type":"SearchAction","target":{"@type":"EntryPoint","urlTemplate":"https:\/\/battery9999.com\/?s={search_term_string}"},"query-input":{"@type":"PropertyValueSpecification","valueRequired":true,"valueName":"search_term_string"}}],"inLanguage":"de-DE"}]}},"_links":{"self":[{"href":"https:\/\/battery9999.com\/de\/wp-json\/wp\/v2\/pages\/9752"}],"collection":[{"href":"https:\/\/battery9999.com\/de\/wp-json\/wp\/v2\/pages"}],"about":[{"href":"https:\/\/battery9999.com\/de\/wp-json\/wp\/v2\/types\/page"}],"author":[{"embeddable":true,"href":"https:\/\/battery9999.com\/de\/wp-json\/wp\/v2\/users\/9"}],"replies":[{"embeddable":true,"href":"https:\/\/battery9999.com\/de\/wp-json\/wp\/v2\/comments?post=9752"}],"version-history":[{"count":5,"href":"https:\/\/battery9999.com\/de\/wp-json\/wp\/v2\/pages\/9752\/revisions"}],"predecessor-version":[{"id":15263,"href":"https:\/\/battery9999.com\/de\/wp-json\/wp\/v2\/pages\/9752\/revisions\/15263"}],"up":[{"embeddable":true,"href":"https:\/\/battery9999.com\/de\/wp-json\/wp\/v2\/pages\/13781"}],"wp:attachment":[{"href":"https:\/\/battery9999.com\/de\/wp-json\/wp\/v2\/media?parent=9752"}],"curies":[{"name":"wp","href":"https:\/\/api.w.org\/{rel}","templated":true}]}}