{"id":7136,"date":"2016-08-08T13:29:40","date_gmt":"2016-08-08T05:29:40","guid":{"rendered":"https:\/\/battery9999.com\/es\/products\/iot\/"},"modified":"2020-02-12T16:32:22","modified_gmt":"2020-02-12T08:32:22","slug":"iot","status":"publish","type":"page","link":"https:\/\/battery9999.com\/es\/products\/other\/iot\/","title":{"rendered":"IoT"},"content":{"rendered":"<div id='full_slider_1'  class='avia-fullwidth-slider main_color avia-shadow   avia-builder-el-0  el_before_av_one_full  avia-builder-el-first   container_wrap sidebar_left'  ><div  class='avia-slideshow av-av_slideshow_full-37f46070fd608af2edf7ab4026830501 avia-slideshow-featured av_slideshow_full avia-slide-slider av-slideshow-ui av-control-default av-slideshow-manual av-loop-once av-loop-manual-endless av-default-height-applied   avia-slideshow-1' data-slideshow-options=\"{&quot;animation&quot;:&quot;slide&quot;,&quot;autoplay&quot;:false,&quot;loop_autoplay&quot;:&quot;once&quot;,&quot;interval&quot;:5,&quot;loop_manual&quot;:&quot;manual-endless&quot;,&quot;autoplay_stopper&quot;:false,&quot;noNavigation&quot;:false,&quot;bg_slider&quot;:false,&quot;keep_padding&quot;:false,&quot;hoverpause&quot;:false,&quot;show_slide_delay&quot;:0}\"  itemprop=\"image\" itemscope=\"itemscope\" itemtype=\"https:\/\/schema.org\/ImageObject\" ><ul class='avia-slideshow-inner ' style='padding-bottom: 28.666666666667%;'><\/ul><\/div><\/div><div id='after_full_slider_1'  class='main_color av_default_container_wrap container_wrap sidebar_left'  ><div class='container av-section-cont-open' ><div class='template-page content  av-content-small units'><div class='post-entry post-entry-type-page post-entry-7136'><div class='entry-content-wrapper clearfix'>\n\n<style type=\"text\/css\" data-created_by=\"avia_inline_auto\" id=\"style-css-av-av_one_full-95678c3282f10e866eab072bbd3cd698\">\n.flex_column.av-av_one_full-95678c3282f10e866eab072bbd3cd698{\nborder-radius:0px 0px 0px 0px;\npadding:0px 0px 0px 0px;\n}\n<\/style>\n<div  class='flex_column av-av_one_full-95678c3282f10e866eab072bbd3cd698 av_one_full  avia-builder-el-1  el_after_av_slideshow_full  avia-builder-el-no-sibling  first flex_column_div av-animated-generic top-to-bottom av-zero-column-padding  '     ><p>\n<style type=\"text\/css\" data-created_by=\"avia_inline_auto\" id=\"style-css-av-av_heading-511b1a9e5ffb345bf564032444d7a7f4\">\n#top .av-special-heading.av-av_heading-511b1a9e5ffb345bf564032444d7a7f4{\npadding-bottom:10px;\ncolor:#0070e8;\n}\nbody .av-special-heading.av-av_heading-511b1a9e5ffb345bf564032444d7a7f4 .av-special-heading-tag .heading-char{\nfont-size:25px;\n}\n.av-special-heading.av-av_heading-511b1a9e5ffb345bf564032444d7a7f4 .special-heading-inner-border{\nborder-color:#0070e8;\n}\n.av-special-heading.av-av_heading-511b1a9e5ffb345bf564032444d7a7f4 .av-subheading{\nfont-size:15px;\n}\n<\/style>\n<div  class='av-special-heading av-av_heading-511b1a9e5ffb345bf564032444d7a7f4 av-special-heading-h2 custom-color-heading  avia-builder-el-2  el_before_av_portfolio  avia-builder-el-no-sibling '><h2 class='av-special-heading-tag '  itemprop=\"headline\"  >Contador de gas inteligente<\/h2><div class=\"special-heading-border\"><div class=\"special-heading-inner-border\"><\/div><\/div><\/div><br \/>\n<div  id=\"av-sc-portfolio-1\"  class=\"av-portfolio-grid-sorting-container\"><div class='sort_width_container  av-sort-yes' data-portfolio-id='1' ><div id='js_sort_items' ><div class='sort_by_cat hidden'><a href=\"#\" data-filter=\"all_sort\" class=\"all_sort_button active_sort\"><span class=\"inner_sort_button\"><span>Todo<\/span><small class=\"av-cat-count\"> 4 <\/small><\/span><\/a><span class=\"text-sep contador-de-gas-inteligente_sort_sep\">\/<\/span><a href=\"#\" data-filter=\"contador-de-gas-inteligente_sort\" class=\"contador-de-gas-inteligente_sort_button\" ><span class=\"inner_sort_button\"><span>Contador de gas inteligente<\/span><small class=\"av-cat-count\"> 4 <\/small><\/span><\/a><\/div><\/div><\/div><div  class=' grid-sort-container isotope   no_margin-container with-excerpt-container grid-total-even grid-col-4 grid-links-' data-portfolio-id='1'><div data-ajax-id='7917' class=' grid-entry flex_column isotope-item all_sort no_margin post-entry post-entry-7917 grid-entry-overview grid-loop-1 grid-parity-odd  smart-gas-meter-es_sort contador-de-gas-inteligente_sort iot-es_sort  av_one_fourth first default_av_fullwidth '><article class='main_color inner-entry'  itemscope=\"itemscope\" itemtype=\"https:\/\/schema.org\/CreativeWork\" ><a href=\"https:\/\/battery9999.com\/es\/portfolio-item\/wireless-module\/\" title='M\u00f3dulo inal\u00e1mbrico'  data-rel='grid-1' class='grid-image avia-hover-fx'> <img decoding=\"async\" fetchpriority=\"high\" width=\"260\" height=\"185\" src=\"https:\/\/battery9999.com\/wp-content\/uploads\/2016\/08\/WirelessModule-1-260x185.jpg\" class=\"wp-image-5040 avia-img-lazy-loading-not-5040 attachment-portfolio_small size-portfolio_small wp-post-image\" alt=\"\" srcset=\"https:\/\/battery9999.com\/wp-content\/uploads\/2016\/08\/WirelessModule-1-260x185.jpg 260w, https:\/\/battery9999.com\/wp-content\/uploads\/2016\/08\/WirelessModule-1-600x430.jpg 600w\" sizes=\"(max-width: 260px) 100vw, 260px\" \/><\/a><div class='grid-content'><div class='avia-arrow'><\/div><header class=\"entry-content-header\" aria-label=\"Portfolio: M\u00f3dulo inal\u00e1mbrico\"><h3 class='grid-entry-title entry-title '  itemprop=\"headline\" ><a href='https:\/\/battery9999.com\/es\/portfolio-item\/wireless-module\/' title='M\u00f3dulo inal\u00e1mbrico'>M\u00f3dulo inal\u00e1mbrico<\/a><\/h3><\/header><\/div><footer class=\"entry-footer\"><\/footer><\/article><\/div><div data-ajax-id='7920' class=' grid-entry flex_column isotope-item all_sort no_margin post-entry post-entry-7920 grid-entry-overview grid-loop-2 grid-parity-even  smart-gas-meter-es_sort contador-de-gas-inteligente_sort iot-es_sort  av_one_fourth  default_av_fullwidth '><article class='main_color inner-entry'  itemscope=\"itemscope\" itemtype=\"https:\/\/schema.org\/CreativeWork\" ><a href=\"https:\/\/battery9999.com\/es\/portfolio-item\/repeater\/\" title='Repeater'  data-rel='grid-1' class='grid-image avia-hover-fx'> <img decoding=\"async\" fetchpriority=\"high\" width=\"260\" height=\"185\" src=\"https:\/\/battery9999.com\/wp-content\/uploads\/2016\/08\/Repeater-1-260x185.jpg\" class=\"wp-image-5047 avia-img-lazy-loading-not-5047 attachment-portfolio_small size-portfolio_small wp-post-image\" alt=\"\" \/><\/a><div class='grid-content'><div class='avia-arrow'><\/div><header class=\"entry-content-header\" aria-label=\"Portfolio: Repeater\"><h3 class='grid-entry-title entry-title '  itemprop=\"headline\" ><a href='https:\/\/battery9999.com\/es\/portfolio-item\/repeater\/' title='Repeater'>Repeater<\/a><\/h3><\/header><\/div><footer class=\"entry-footer\"><\/footer><\/article><\/div><div data-ajax-id='7923' class=' grid-entry flex_column isotope-item all_sort no_margin post-entry post-entry-7923 grid-entry-overview grid-loop-3 grid-parity-odd  smart-gas-meter-es_sort contador-de-gas-inteligente_sort iot-es_sort  av_one_fourth  default_av_fullwidth '><article class='main_color inner-entry'  itemscope=\"itemscope\" itemtype=\"https:\/\/schema.org\/CreativeWork\" ><a href=\"https:\/\/battery9999.com\/es\/portfolio-item\/network-bridge\/\" title='Puente de red'  data-rel='grid-1' class='grid-image avia-hover-fx'> <img decoding=\"async\" fetchpriority=\"high\" width=\"260\" height=\"185\" src=\"https:\/\/battery9999.com\/wp-content\/uploads\/2016\/08\/NetworkBridge-1-260x185.jpg\" class=\"wp-image-5043 avia-img-lazy-loading-not-5043 attachment-portfolio_small size-portfolio_small wp-post-image\" alt=\"\" \/><\/a><div class='grid-content'><div class='avia-arrow'><\/div><header class=\"entry-content-header\" aria-label=\"Portfolio: Puente de red\"><h3 class='grid-entry-title entry-title '  itemprop=\"headline\" ><a href='https:\/\/battery9999.com\/es\/portfolio-item\/network-bridge\/' title='Puente de red'>Puente de red<\/a><\/h3><\/header><\/div><footer class=\"entry-footer\"><\/footer><\/article><\/div><div data-ajax-id='7924' class=' grid-entry flex_column isotope-item all_sort no_margin post-entry post-entry-7924 grid-entry-overview grid-loop-4 grid-parity-even  post-entry-last  smart-gas-meter-es_sort contador-de-gas-inteligente_sort iot-es_sort  av_one_fourth  default_av_fullwidth '><article class='main_color inner-entry'  itemscope=\"itemscope\" itemtype=\"https:\/\/schema.org\/CreativeWork\" ><a href=\"https:\/\/battery9999.com\/es\/portfolio-item\/m2m-switch\/\" title='M2M Switch'  data-rel='grid-1' class='grid-image avia-hover-fx'> <img decoding=\"async\" fetchpriority=\"high\" width=\"260\" height=\"185\" src=\"https:\/\/battery9999.com\/wp-content\/uploads\/2016\/08\/M2M-1-260x185.jpg\" class=\"wp-image-4896 avia-img-lazy-loading-not-4896 attachment-portfolio_small size-portfolio_small wp-post-image\" alt=\"\" \/><\/a><div class='grid-content'><div class='avia-arrow'><\/div><header class=\"entry-content-header\" aria-label=\"Portfolio: M2M Switch\"><h3 class='grid-entry-title entry-title '  itemprop=\"headline\" ><a href='https:\/\/battery9999.com\/es\/portfolio-item\/m2m-switch\/' title='M2M Switch'>M2M Switch<\/a><\/h3><\/header><\/div><footer class=\"entry-footer\"><\/footer><\/article><\/div><\/div><\/div>   <!--   class=\"av-portfolio-grid-sorting-container\"  --><br \/>\n\n<style type=\"text\/css\" data-created_by=\"avia_inline_auto\" id=\"style-css-av-av_heading-fd4db5683bdad691ea449d6460c0a18c\">\n#top .av-special-heading.av-av_heading-fd4db5683bdad691ea449d6460c0a18c{\npadding-bottom:10px;\ncolor:#0070e8;\n}\nbody .av-special-heading.av-av_heading-fd4db5683bdad691ea449d6460c0a18c .av-special-heading-tag .heading-char{\nfont-size:25px;\n}\n.av-special-heading.av-av_heading-fd4db5683bdad691ea449d6460c0a18c .special-heading-inner-border{\nborder-color:#0070e8;\n}\n.av-special-heading.av-av_heading-fd4db5683bdad691ea449d6460c0a18c .av-subheading{\nfont-size:15px;\n}\n<\/style>\n<div  class='av-special-heading av-av_heading-fd4db5683bdad691ea449d6460c0a18c av-special-heading-h2 custom-color-heading  avia-builder-el-4  el_after_av_portfolio  el_before_av_portfolio  avia-builder-el-no-sibling '><h2 class='av-special-heading-tag '  itemprop=\"headline\"  >Contador de agua inteligente<\/h2><div class=\"special-heading-border\"><div class=\"special-heading-inner-border\"><\/div><\/div><\/div><br \/>\n<div  id=\"av-sc-portfolio-2\"  class=\"av-portfolio-grid-sorting-container\"><div class='sort_width_container  av-sort-yes' data-portfolio-id='2' ><div id='js_sort_items' ><div class='sort_by_cat hidden'><a href=\"#\" data-filter=\"all_sort\" class=\"all_sort_button active_sort\"><span class=\"inner_sort_button\"><span>Todo<\/span><small class=\"av-cat-count\"> 3 <\/small><\/span><\/a><span class=\"text-sep contador-de-agua-inteligente_sort_sep\">\/<\/span><a href=\"#\" data-filter=\"contador-de-agua-inteligente_sort\" class=\"contador-de-agua-inteligente_sort_button\" ><span class=\"inner_sort_button\"><span>Contador de agua inteligente<\/span><small class=\"av-cat-count\"> 3 <\/small><\/span><\/a><\/div><\/div><\/div><div  class=' grid-sort-container isotope   no_margin-container with-excerpt-container grid-total-odd grid-col-4 grid-links-' data-portfolio-id='2'><div data-ajax-id='7835' class=' grid-entry flex_column isotope-item all_sort no_margin post-entry post-entry-7835 grid-entry-overview grid-loop-1 grid-parity-odd  smart-water-meter-es_sort contador-de-agua-inteligente_sort iot-es_sort  av_one_fourth first default_av_fullwidth '><article class='main_color inner-entry'  itemscope=\"itemscope\" itemtype=\"https:\/\/schema.org\/CreativeWork\" ><a href=\"https:\/\/battery9999.com\/es\/portfolio-item\/%e6%99%ba%e8%83%bd%e6%b0%b4%e8%a1%a8\/\" title='Contador de agua inteligente'  data-rel='grid-2' class='grid-image avia-hover-fx'> <img decoding=\"async\" fetchpriority=\"high\" width=\"260\" height=\"185\" src=\"https:\/\/battery9999.com\/wp-content\/uploads\/2016\/12\/\u65b0\u6c34\u88683-260x185.jpg\" class=\"wp-image-4224 avia-img-lazy-loading-not-4224 attachment-portfolio_small size-portfolio_small wp-post-image\" alt=\"\" \/><\/a><div class='grid-content'><div class='avia-arrow'><\/div><header class=\"entry-content-header\" aria-label=\"Portfolio: Contador de agua inteligente\"><h3 class='grid-entry-title entry-title '  itemprop=\"headline\" ><a href='https:\/\/battery9999.com\/es\/portfolio-item\/%e6%99%ba%e8%83%bd%e6%b0%b4%e8%a1%a8\/' title='Contador de agua inteligente'>Contador de agua inteligente<\/a><\/h3><\/header><\/div><footer class=\"entry-footer\"><\/footer><\/article><\/div><div data-ajax-id='7853' class=' grid-entry flex_column isotope-item all_sort no_margin post-entry post-entry-7853 grid-entry-overview grid-loop-2 grid-parity-even  contador-de-agua-inteligente_sort iot-es_sort  av_one_fourth  default_av_fullwidth '><article class='main_color inner-entry'  itemscope=\"itemscope\" itemtype=\"https:\/\/schema.org\/CreativeWork\" ><a href=\"https:\/\/battery9999.com\/es\/portfolio-item\/3833\/\" title='3G Modulo'  data-rel='grid-2' class='grid-image avia-hover-fx'> <img decoding=\"async\" fetchpriority=\"high\" width=\"260\" height=\"185\" src=\"https:\/\/battery9999.com\/wp-content\/uploads\/2016\/10\/water-meter-260x185.jpg\" class=\"wp-image-3776 avia-img-lazy-loading-not-3776 attachment-portfolio_small size-portfolio_small wp-post-image\" alt=\"\" srcset=\"https:\/\/battery9999.com\/wp-content\/uploads\/2016\/10\/water-meter-260x185.jpg 260w, https:\/\/battery9999.com\/wp-content\/uploads\/2016\/10\/water-meter-600x430.jpg 600w\" sizes=\"(max-width: 260px) 100vw, 260px\" \/><\/a><div class='grid-content'><div class='avia-arrow'><\/div><header class=\"entry-content-header\" aria-label=\"Portfolio: 3G Modulo\"><h3 class='grid-entry-title entry-title '  itemprop=\"headline\" ><a href='https:\/\/battery9999.com\/es\/portfolio-item\/3833\/' title='3G Modulo'>3G Modulo<\/a><\/h3><\/header><\/div><footer class=\"entry-footer\"><\/footer><\/article><\/div><div data-ajax-id='7858' class=' grid-entry flex_column isotope-item all_sort no_margin post-entry post-entry-7858 grid-entry-overview grid-loop-3 grid-parity-odd  post-entry-last  contador-de-agua-inteligente_sort iot-es_sort  av_one_fourth  default_av_fullwidth '><article class='main_color inner-entry'  itemscope=\"itemscope\" itemtype=\"https:\/\/schema.org\/CreativeWork\" ><a href=\"https:\/\/battery9999.com\/es\/portfolio-item\/smart-water-meter\/\" title='Contador de agua inteligente'  data-rel='grid-2' class='grid-image avia-hover-fx'> <img decoding=\"async\" fetchpriority=\"high\" width=\"260\" height=\"185\" src=\"https:\/\/battery9999.com\/wp-content\/uploads\/2016\/10\/water-meter-1-260x185.jpg\" class=\"wp-image-3777 avia-img-lazy-loading-not-3777 attachment-portfolio_small size-portfolio_small wp-post-image\" alt=\"\" \/><\/a><div class='grid-content'><div class='avia-arrow'><\/div><header class=\"entry-content-header\" aria-label=\"Portfolio: Contador de agua inteligente\"><h3 class='grid-entry-title entry-title '  itemprop=\"headline\" ><a href='https:\/\/battery9999.com\/es\/portfolio-item\/smart-water-meter\/' title='Contador de agua inteligente'>Contador de agua inteligente<\/a><\/h3><\/header><\/div><footer class=\"entry-footer\"><\/footer><\/article><\/div><\/div><\/div>   <!--   class=\"av-portfolio-grid-sorting-container\"  --><br \/>\n\n<style type=\"text\/css\" data-created_by=\"avia_inline_auto\" id=\"style-css-av-av_heading-89f83193457fe5c48d702c67dd3881a8\">\n#top .av-special-heading.av-av_heading-89f83193457fe5c48d702c67dd3881a8{\npadding-bottom:10px;\ncolor:#0070e8;\n}\nbody .av-special-heading.av-av_heading-89f83193457fe5c48d702c67dd3881a8 .av-special-heading-tag .heading-char{\nfont-size:25px;\n}\n.av-special-heading.av-av_heading-89f83193457fe5c48d702c67dd3881a8 .special-heading-inner-border{\nborder-color:#0070e8;\n}\n.av-special-heading.av-av_heading-89f83193457fe5c48d702c67dd3881a8 .av-subheading{\nfont-size:15px;\n}\n<\/style>\n<div  class='av-special-heading av-av_heading-89f83193457fe5c48d702c67dd3881a8 av-special-heading-h2 custom-color-heading  avia-builder-el-6  el_after_av_portfolio  el_before_av_heading  avia-builder-el-first '><h2 class='av-special-heading-tag '  itemprop=\"headline\"  >Contador de luz inteligente<\/h2><div class=\"special-heading-border\"><div class=\"special-heading-inner-border\"><\/div><\/div><\/div><br \/>\n\n<style type=\"text\/css\" data-created_by=\"avia_inline_auto\" id=\"style-css-av-av_heading-972d130160fa8c35730efc1d34b1d5eb\">\n#top .av-special-heading.av-av_heading-972d130160fa8c35730efc1d34b1d5eb{\npadding-bottom:10px;\ncolor:#0070e8;\n}\nbody .av-special-heading.av-av_heading-972d130160fa8c35730efc1d34b1d5eb .av-special-heading-tag .heading-char{\nfont-size:25px;\n}\n.av-special-heading.av-av_heading-972d130160fa8c35730efc1d34b1d5eb .special-heading-inner-border{\nborder-color:#0070e8;\n}\n.av-special-heading.av-av_heading-972d130160fa8c35730efc1d34b1d5eb .av-subheading{\nfont-size:15px;\n}\n<\/style>\n<div  class='av-special-heading av-av_heading-972d130160fa8c35730efc1d34b1d5eb av-special-heading-h2 custom-color-heading  avia-builder-el-7  el_after_av_heading  avia-builder-el-last '><h2 class='av-special-heading-tag '  itemprop=\"headline\"  >Contador de combustible inteligente<\/h2><div class=\"special-heading-border\"><div class=\"special-heading-inner-border\"><\/div><\/div><\/div><\/p><\/div>\n","protected":false},"excerpt":{"rendered":"","protected":false},"author":1,"featured_media":0,"parent":13784,"menu_order":2,"comment_status":"closed","ping_status":"closed","template":"","meta":{"footnotes":""},"class_list":["post-7136","page","type-page","status-publish","hentry"],"yoast_head":"<!-- This site is optimized with the Yoast SEO plugin v24.4 - https:\/\/yoast.com\/wordpress\/plugins\/seo\/ -->\n<title>IoT<\/title>\n<meta name=\"robots\" content=\"index, follow, max-snippet:-1, max-image-preview:large, max-video-preview:-1\" \/>\n<link rel=\"canonical\" href=\"https:\/\/battery9999.com\/es\/products\/other\/iot\/\" \/>\n<meta property=\"og:locale\" content=\"es_ES\" \/>\n<meta property=\"og:type\" content=\"article\" \/>\n<meta property=\"og:title\" content=\"IoT\" \/>\n<meta property=\"og:url\" content=\"https:\/\/battery9999.com\/es\/products\/other\/iot\/\" \/>\n<meta property=\"og:site_name\" content=\"\u660c\u8467\u80a1\u4efd\u6709\u9650\u516c\u53f8\" \/>\n<meta property=\"article:modified_time\" content=\"2020-02-12T08:32:22+00:00\" \/>\n<meta name=\"twitter:card\" content=\"summary_large_image\" \/>\n<meta name=\"twitter:label1\" content=\"Est. reading time\" \/>\n\t<meta name=\"twitter:data1\" content=\"2 minutes\" \/>\n<script type=\"application\/ld+json\" class=\"yoast-schema-graph\">{\"@context\":\"https:\/\/schema.org\",\"@graph\":[{\"@type\":\"WebPage\",\"@id\":\"https:\/\/battery9999.com\/es\/products\/other\/iot\/\",\"url\":\"https:\/\/battery9999.com\/es\/products\/other\/iot\/\",\"name\":\"IoT\",\"isPartOf\":{\"@id\":\"https:\/\/battery9999.com\/#website\"},\"datePublished\":\"2016-08-08T05:29:40+00:00\",\"dateModified\":\"2020-02-12T08:32:22+00:00\",\"breadcrumb\":{\"@id\":\"https:\/\/battery9999.com\/es\/products\/other\/iot\/#breadcrumb\"},\"inLanguage\":\"es-ES\",\"potentialAction\":[{\"@type\":\"ReadAction\",\"target\":[\"https:\/\/battery9999.com\/es\/products\/other\/iot\/\"]}]},{\"@type\":\"BreadcrumbList\",\"@id\":\"https:\/\/battery9999.com\/es\/products\/other\/iot\/#breadcrumb\",\"itemListElement\":[{\"@type\":\"ListItem\",\"position\":1,\"name\":\"\u9996\u9801\",\"item\":\"https:\/\/battery9999.com\/es\/\"},{\"@type\":\"ListItem\",\"position\":2,\"name\":\"Producto\",\"item\":\"https:\/\/battery9999.com\/es\/products\/\"},{\"@type\":\"ListItem\",\"position\":3,\"name\":\"Otro\",\"item\":\"https:\/\/battery9999.com\/es\/products\/other\/\"},{\"@type\":\"ListItem\",\"position\":4,\"name\":\"IoT\"}]},{\"@type\":\"WebSite\",\"@id\":\"https:\/\/battery9999.com\/#website\",\"url\":\"https:\/\/battery9999.com\/\",\"name\":\"\u660c\u8467\u80a1\u4efd\u6709\u9650\u516c\u53f8\",\"description\":\"\u5c08\u696d\u96fb\u6c60\u7d44\u8a2d\u8a08\/\u751f\u7522\/\u88fd\u9020\",\"potentialAction\":[{\"@type\":\"SearchAction\",\"target\":{\"@type\":\"EntryPoint\",\"urlTemplate\":\"https:\/\/battery9999.com\/?s={search_term_string}\"},\"query-input\":{\"@type\":\"PropertyValueSpecification\",\"valueRequired\":true,\"valueName\":\"search_term_string\"}}],\"inLanguage\":\"es-ES\"}]}<\/script>\n<!-- \/ Yoast SEO plugin. -->","yoast_head_json":{"title":"IoT","robots":{"index":"index","follow":"follow","max-snippet":"max-snippet:-1","max-image-preview":"max-image-preview:large","max-video-preview":"max-video-preview:-1"},"canonical":"https:\/\/battery9999.com\/es\/products\/other\/iot\/","og_locale":"es_ES","og_type":"article","og_title":"IoT","og_url":"https:\/\/battery9999.com\/es\/products\/other\/iot\/","og_site_name":"\u660c\u8467\u80a1\u4efd\u6709\u9650\u516c\u53f8","article_modified_time":"2020-02-12T08:32:22+00:00","twitter_card":"summary_large_image","twitter_misc":{"Est. reading time":"2 minutes"},"schema":{"@context":"https:\/\/schema.org","@graph":[{"@type":"WebPage","@id":"https:\/\/battery9999.com\/es\/products\/other\/iot\/","url":"https:\/\/battery9999.com\/es\/products\/other\/iot\/","name":"IoT","isPartOf":{"@id":"https:\/\/battery9999.com\/#website"},"datePublished":"2016-08-08T05:29:40+00:00","dateModified":"2020-02-12T08:32:22+00:00","breadcrumb":{"@id":"https:\/\/battery9999.com\/es\/products\/other\/iot\/#breadcrumb"},"inLanguage":"es-ES","potentialAction":[{"@type":"ReadAction","target":["https:\/\/battery9999.com\/es\/products\/other\/iot\/"]}]},{"@type":"BreadcrumbList","@id":"https:\/\/battery9999.com\/es\/products\/other\/iot\/#breadcrumb","itemListElement":[{"@type":"ListItem","position":1,"name":"\u9996\u9801","item":"https:\/\/battery9999.com\/es\/"},{"@type":"ListItem","position":2,"name":"Producto","item":"https:\/\/battery9999.com\/es\/products\/"},{"@type":"ListItem","position":3,"name":"Otro","item":"https:\/\/battery9999.com\/es\/products\/other\/"},{"@type":"ListItem","position":4,"name":"IoT"}]},{"@type":"WebSite","@id":"https:\/\/battery9999.com\/#website","url":"https:\/\/battery9999.com\/","name":"\u660c\u8467\u80a1\u4efd\u6709\u9650\u516c\u53f8","description":"\u5c08\u696d\u96fb\u6c60\u7d44\u8a2d\u8a08\/\u751f\u7522\/\u88fd\u9020","potentialAction":[{"@type":"SearchAction","target":{"@type":"EntryPoint","urlTemplate":"https:\/\/battery9999.com\/?s={search_term_string}"},"query-input":{"@type":"PropertyValueSpecification","valueRequired":true,"valueName":"search_term_string"}}],"inLanguage":"es-ES"}]}},"_links":{"self":[{"href":"https:\/\/battery9999.com\/es\/wp-json\/wp\/v2\/pages\/7136"}],"collection":[{"href":"https:\/\/battery9999.com\/es\/wp-json\/wp\/v2\/pages"}],"about":[{"href":"https:\/\/battery9999.com\/es\/wp-json\/wp\/v2\/types\/page"}],"author":[{"embeddable":true,"href":"https:\/\/battery9999.com\/es\/wp-json\/wp\/v2\/users\/1"}],"replies":[{"embeddable":true,"href":"https:\/\/battery9999.com\/es\/wp-json\/wp\/v2\/comments?post=7136"}],"version-history":[{"count":5,"href":"https:\/\/battery9999.com\/es\/wp-json\/wp\/v2\/pages\/7136\/revisions"}],"predecessor-version":[{"id":7839,"href":"https:\/\/battery9999.com\/es\/wp-json\/wp\/v2\/pages\/7136\/revisions\/7839"}],"up":[{"embeddable":true,"href":"https:\/\/battery9999.com\/es\/wp-json\/wp\/v2\/pages\/13784"}],"wp:attachment":[{"href":"https:\/\/battery9999.com\/es\/wp-json\/wp\/v2\/media?parent=7136"}],"curies":[{"name":"wp","href":"https:\/\/api.w.org\/{rel}","templated":true}]}}