{"id":7137,"date":"2016-09-05T14:17:32","date_gmt":"2016-09-05T06:17:32","guid":{"rendered":"https:\/\/battery9999.com\/es\/products\/iot\/smart-gas-meter\/"},"modified":"2020-02-12T16:33:20","modified_gmt":"2020-02-12T08:33:20","slug":"smart-gas-meter","status":"publish","type":"page","link":"https:\/\/battery9999.com\/es\/products\/other\/iot\/smart-gas-meter\/","title":{"rendered":"Contador de gas inteligente"},"content":{"rendered":"<div id='full_slider_1'  class='avia-fullwidth-slider main_color avia-shadow   avia-builder-el-0  el_before_av_one_full  avia-builder-el-first   container_wrap sidebar_left'  ><div  class='avia-slideshow av-av_slideshow_full-37f46070fd608af2edf7ab4026830501 avia-slideshow-featured av_slideshow_full avia-slide-slider av-slideshow-ui av-control-default av-slideshow-manual av-loop-once av-loop-manual-endless av-default-height-applied   avia-slideshow-1' data-slideshow-options=\"{&quot;animation&quot;:&quot;slide&quot;,&quot;autoplay&quot;:false,&quot;loop_autoplay&quot;:&quot;once&quot;,&quot;interval&quot;:5,&quot;loop_manual&quot;:&quot;manual-endless&quot;,&quot;autoplay_stopper&quot;:false,&quot;noNavigation&quot;:false,&quot;bg_slider&quot;:false,&quot;keep_padding&quot;:false,&quot;hoverpause&quot;:false,&quot;show_slide_delay&quot;:0}\"  itemprop=\"image\" itemscope=\"itemscope\" itemtype=\"https:\/\/schema.org\/ImageObject\" ><ul class='avia-slideshow-inner ' style='padding-bottom: 28.666666666667%;'><\/ul><\/div><\/div><div id='after_full_slider_1'  class='main_color av_default_container_wrap container_wrap sidebar_left'  ><div class='container av-section-cont-open' ><div class='template-page content  av-content-small units'><div class='post-entry post-entry-type-page post-entry-7137'><div class='entry-content-wrapper clearfix'>\n\n<style type=\"text\/css\" data-created_by=\"avia_inline_auto\" id=\"style-css-av-av_one_full-9497bbf8bff73ea4c6992cc17fa9ec36\">\n.flex_column.av-av_one_full-9497bbf8bff73ea4c6992cc17fa9ec36{\nborder-radius:0px 0px 0px 0px;\npadding:0px 0px 0px 0px;\n}\n<\/style>\n<div  class='flex_column av-av_one_full-9497bbf8bff73ea4c6992cc17fa9ec36 av_one_full  avia-builder-el-1  el_after_av_slideshow_full  avia-builder-el-no-sibling  first flex_column_div av-zero-column-padding  '     ><div  id=\"av-sc-portfolio-1\"  class=\"av-portfolio-grid-sorting-container\"><div class='sort_width_container  av-sort-yes' data-portfolio-id='1' ><div id='js_sort_items' ><div class='sort_by_cat hidden'><a href=\"#\" data-filter=\"all_sort\" class=\"all_sort_button active_sort\"><span class=\"inner_sort_button\"><span>Todo<\/span><small class=\"av-cat-count\"> 4 <\/small><\/span><\/a><span class=\"text-sep contador-de-gas-inteligente_sort_sep\">\/<\/span><a href=\"#\" data-filter=\"contador-de-gas-inteligente_sort\" class=\"contador-de-gas-inteligente_sort_button\" ><span class=\"inner_sort_button\"><span>Contador de gas inteligente<\/span><small class=\"av-cat-count\"> 4 <\/small><\/span><\/a><\/div><\/div><\/div><div  class=' grid-sort-container isotope   no_margin-container with-excerpt-container grid-total-even grid-col-4 grid-links-' data-portfolio-id='1'><div data-ajax-id='7917' class=' grid-entry flex_column isotope-item all_sort no_margin post-entry post-entry-7917 grid-entry-overview grid-loop-1 grid-parity-odd  smart-gas-meter-es_sort contador-de-gas-inteligente_sort iot-es_sort  av_one_fourth first default_av_fullwidth '><article class='main_color inner-entry'  itemscope=\"itemscope\" itemtype=\"https:\/\/schema.org\/CreativeWork\" ><a href=\"https:\/\/battery9999.com\/es\/portfolio-item\/wireless-module\/\" title='M\u00f3dulo inal\u00e1mbrico'  data-rel='grid-1' class='grid-image avia-hover-fx'> <img decoding=\"async\" fetchpriority=\"high\" width=\"260\" height=\"185\" src=\"https:\/\/battery9999.com\/wp-content\/uploads\/2016\/08\/WirelessModule-1-260x185.jpg\" class=\"wp-image-5040 avia-img-lazy-loading-not-5040 attachment-portfolio_small size-portfolio_small wp-post-image\" alt=\"\" srcset=\"https:\/\/battery9999.com\/wp-content\/uploads\/2016\/08\/WirelessModule-1-260x185.jpg 260w, https:\/\/battery9999.com\/wp-content\/uploads\/2016\/08\/WirelessModule-1-600x430.jpg 600w\" sizes=\"(max-width: 260px) 100vw, 260px\" \/><\/a><div class='grid-content'><div class='avia-arrow'><\/div><header class=\"entry-content-header\" aria-label=\"Portfolio: M\u00f3dulo inal\u00e1mbrico\"><h3 class='grid-entry-title entry-title '  itemprop=\"headline\" ><a href='https:\/\/battery9999.com\/es\/portfolio-item\/wireless-module\/' title='M\u00f3dulo inal\u00e1mbrico'>M\u00f3dulo inal\u00e1mbrico<\/a><\/h3><\/header><\/div><footer class=\"entry-footer\"><\/footer><\/article><\/div><div data-ajax-id='7920' class=' grid-entry flex_column isotope-item all_sort no_margin post-entry post-entry-7920 grid-entry-overview grid-loop-2 grid-parity-even  smart-gas-meter-es_sort contador-de-gas-inteligente_sort iot-es_sort  av_one_fourth  default_av_fullwidth '><article class='main_color inner-entry'  itemscope=\"itemscope\" itemtype=\"https:\/\/schema.org\/CreativeWork\" ><a href=\"https:\/\/battery9999.com\/es\/portfolio-item\/repeater\/\" title='Repeater'  data-rel='grid-1' class='grid-image avia-hover-fx'> <img decoding=\"async\" fetchpriority=\"high\" width=\"260\" height=\"185\" src=\"https:\/\/battery9999.com\/wp-content\/uploads\/2016\/08\/Repeater-1-260x185.jpg\" class=\"wp-image-5047 avia-img-lazy-loading-not-5047 attachment-portfolio_small size-portfolio_small wp-post-image\" alt=\"\" \/><\/a><div class='grid-content'><div class='avia-arrow'><\/div><header class=\"entry-content-header\" aria-label=\"Portfolio: Repeater\"><h3 class='grid-entry-title entry-title '  itemprop=\"headline\" ><a href='https:\/\/battery9999.com\/es\/portfolio-item\/repeater\/' title='Repeater'>Repeater<\/a><\/h3><\/header><\/div><footer class=\"entry-footer\"><\/footer><\/article><\/div><div data-ajax-id='7923' class=' grid-entry flex_column isotope-item all_sort no_margin post-entry post-entry-7923 grid-entry-overview grid-loop-3 grid-parity-odd  smart-gas-meter-es_sort contador-de-gas-inteligente_sort iot-es_sort  av_one_fourth  default_av_fullwidth '><article class='main_color inner-entry'  itemscope=\"itemscope\" itemtype=\"https:\/\/schema.org\/CreativeWork\" ><a href=\"https:\/\/battery9999.com\/es\/portfolio-item\/network-bridge\/\" title='Puente de red'  data-rel='grid-1' class='grid-image avia-hover-fx'> <img decoding=\"async\" fetchpriority=\"high\" width=\"260\" height=\"185\" src=\"https:\/\/battery9999.com\/wp-content\/uploads\/2016\/08\/NetworkBridge-1-260x185.jpg\" class=\"wp-image-5043 avia-img-lazy-loading-not-5043 attachment-portfolio_small size-portfolio_small wp-post-image\" alt=\"\" \/><\/a><div class='grid-content'><div class='avia-arrow'><\/div><header class=\"entry-content-header\" aria-label=\"Portfolio: Puente de red\"><h3 class='grid-entry-title entry-title '  itemprop=\"headline\" ><a href='https:\/\/battery9999.com\/es\/portfolio-item\/network-bridge\/' title='Puente de red'>Puente de red<\/a><\/h3><\/header><\/div><footer class=\"entry-footer\"><\/footer><\/article><\/div><div data-ajax-id='7924' class=' grid-entry flex_column isotope-item all_sort no_margin post-entry post-entry-7924 grid-entry-overview grid-loop-4 grid-parity-even  post-entry-last  smart-gas-meter-es_sort contador-de-gas-inteligente_sort iot-es_sort  av_one_fourth  default_av_fullwidth '><article class='main_color inner-entry'  itemscope=\"itemscope\" itemtype=\"https:\/\/schema.org\/CreativeWork\" ><a href=\"https:\/\/battery9999.com\/es\/portfolio-item\/m2m-switch\/\" title='M2M Switch'  data-rel='grid-1' class='grid-image avia-hover-fx'> <img decoding=\"async\" fetchpriority=\"high\" width=\"260\" height=\"185\" src=\"https:\/\/battery9999.com\/wp-content\/uploads\/2016\/08\/M2M-1-260x185.jpg\" class=\"wp-image-4896 avia-img-lazy-loading-not-4896 attachment-portfolio_small size-portfolio_small wp-post-image\" alt=\"\" \/><\/a><div class='grid-content'><div class='avia-arrow'><\/div><header class=\"entry-content-header\" aria-label=\"Portfolio: M2M Switch\"><h3 class='grid-entry-title entry-title '  itemprop=\"headline\" ><a href='https:\/\/battery9999.com\/es\/portfolio-item\/m2m-switch\/' title='M2M Switch'>M2M Switch<\/a><\/h3><\/header><\/div><footer class=\"entry-footer\"><\/footer><\/article><\/div><\/div><\/div>   <!--   class=\"av-portfolio-grid-sorting-container\"  --><\/div>\n","protected":false},"excerpt":{"rendered":"","protected":false},"author":12,"featured_media":0,"parent":7136,"menu_order":0,"comment_status":"closed","ping_status":"closed","template":"","meta":{"footnotes":""},"class_list":["post-7137","page","type-page","status-publish","hentry"],"yoast_head":"<!-- This site is optimized with the Yoast SEO plugin v24.4 - https:\/\/yoast.com\/wordpress\/plugins\/seo\/ -->\n<title>Contador de gas inteligente<\/title>\n<meta name=\"robots\" content=\"index, follow, max-snippet:-1, max-image-preview:large, max-video-preview:-1\" \/>\n<link rel=\"canonical\" href=\"https:\/\/battery9999.com\/es\/products\/other\/iot\/smart-gas-meter\/\" \/>\n<meta property=\"og:locale\" content=\"es_ES\" \/>\n<meta property=\"og:type\" content=\"article\" \/>\n<meta property=\"og:title\" content=\"Contador de gas inteligente\" \/>\n<meta property=\"og:url\" content=\"https:\/\/battery9999.com\/es\/products\/other\/iot\/smart-gas-meter\/\" \/>\n<meta property=\"og:site_name\" content=\"\u660c\u8467\u80a1\u4efd\u6709\u9650\u516c\u53f8\" \/>\n<meta property=\"article:modified_time\" content=\"2020-02-12T08:33:20+00:00\" \/>\n<meta name=\"twitter:card\" content=\"summary_large_image\" \/>\n<meta name=\"twitter:label1\" content=\"Est. reading time\" \/>\n\t<meta name=\"twitter:data1\" content=\"1 minute\" \/>\n<script type=\"application\/ld+json\" class=\"yoast-schema-graph\">{\"@context\":\"https:\/\/schema.org\",\"@graph\":[{\"@type\":\"WebPage\",\"@id\":\"https:\/\/battery9999.com\/es\/products\/other\/iot\/smart-gas-meter\/\",\"url\":\"https:\/\/battery9999.com\/es\/products\/other\/iot\/smart-gas-meter\/\",\"name\":\"Contador de gas inteligente\",\"isPartOf\":{\"@id\":\"https:\/\/battery9999.com\/#website\"},\"datePublished\":\"2016-09-05T06:17:32+00:00\",\"dateModified\":\"2020-02-12T08:33:20+00:00\",\"breadcrumb\":{\"@id\":\"https:\/\/battery9999.com\/es\/products\/other\/iot\/smart-gas-meter\/#breadcrumb\"},\"inLanguage\":\"es-ES\",\"potentialAction\":[{\"@type\":\"ReadAction\",\"target\":[\"https:\/\/battery9999.com\/es\/products\/other\/iot\/smart-gas-meter\/\"]}]},{\"@type\":\"BreadcrumbList\",\"@id\":\"https:\/\/battery9999.com\/es\/products\/other\/iot\/smart-gas-meter\/#breadcrumb\",\"itemListElement\":[{\"@type\":\"ListItem\",\"position\":1,\"name\":\"\u9996\u9801\",\"item\":\"https:\/\/battery9999.com\/es\/\"},{\"@type\":\"ListItem\",\"position\":2,\"name\":\"Producto\",\"item\":\"https:\/\/battery9999.com\/es\/products\/\"},{\"@type\":\"ListItem\",\"position\":3,\"name\":\"Otro\",\"item\":\"https:\/\/battery9999.com\/es\/products\/other\/\"},{\"@type\":\"ListItem\",\"position\":4,\"name\":\"IoT\",\"item\":\"https:\/\/battery9999.com\/es\/products\/other\/iot\/\"},{\"@type\":\"ListItem\",\"position\":5,\"name\":\"Contador de gas inteligente\"}]},{\"@type\":\"WebSite\",\"@id\":\"https:\/\/battery9999.com\/#website\",\"url\":\"https:\/\/battery9999.com\/\",\"name\":\"\u660c\u8467\u80a1\u4efd\u6709\u9650\u516c\u53f8\",\"description\":\"\u5c08\u696d\u96fb\u6c60\u7d44\u8a2d\u8a08\/\u751f\u7522\/\u88fd\u9020\",\"potentialAction\":[{\"@type\":\"SearchAction\",\"target\":{\"@type\":\"EntryPoint\",\"urlTemplate\":\"https:\/\/battery9999.com\/?s={search_term_string}\"},\"query-input\":{\"@type\":\"PropertyValueSpecification\",\"valueRequired\":true,\"valueName\":\"search_term_string\"}}],\"inLanguage\":\"es-ES\"}]}<\/script>\n<!-- \/ Yoast SEO plugin. -->","yoast_head_json":{"title":"Contador de gas inteligente","robots":{"index":"index","follow":"follow","max-snippet":"max-snippet:-1","max-image-preview":"max-image-preview:large","max-video-preview":"max-video-preview:-1"},"canonical":"https:\/\/battery9999.com\/es\/products\/other\/iot\/smart-gas-meter\/","og_locale":"es_ES","og_type":"article","og_title":"Contador de gas inteligente","og_url":"https:\/\/battery9999.com\/es\/products\/other\/iot\/smart-gas-meter\/","og_site_name":"\u660c\u8467\u80a1\u4efd\u6709\u9650\u516c\u53f8","article_modified_time":"2020-02-12T08:33:20+00:00","twitter_card":"summary_large_image","twitter_misc":{"Est. reading time":"1 minute"},"schema":{"@context":"https:\/\/schema.org","@graph":[{"@type":"WebPage","@id":"https:\/\/battery9999.com\/es\/products\/other\/iot\/smart-gas-meter\/","url":"https:\/\/battery9999.com\/es\/products\/other\/iot\/smart-gas-meter\/","name":"Contador de gas inteligente","isPartOf":{"@id":"https:\/\/battery9999.com\/#website"},"datePublished":"2016-09-05T06:17:32+00:00","dateModified":"2020-02-12T08:33:20+00:00","breadcrumb":{"@id":"https:\/\/battery9999.com\/es\/products\/other\/iot\/smart-gas-meter\/#breadcrumb"},"inLanguage":"es-ES","potentialAction":[{"@type":"ReadAction","target":["https:\/\/battery9999.com\/es\/products\/other\/iot\/smart-gas-meter\/"]}]},{"@type":"BreadcrumbList","@id":"https:\/\/battery9999.com\/es\/products\/other\/iot\/smart-gas-meter\/#breadcrumb","itemListElement":[{"@type":"ListItem","position":1,"name":"\u9996\u9801","item":"https:\/\/battery9999.com\/es\/"},{"@type":"ListItem","position":2,"name":"Producto","item":"https:\/\/battery9999.com\/es\/products\/"},{"@type":"ListItem","position":3,"name":"Otro","item":"https:\/\/battery9999.com\/es\/products\/other\/"},{"@type":"ListItem","position":4,"name":"IoT","item":"https:\/\/battery9999.com\/es\/products\/other\/iot\/"},{"@type":"ListItem","position":5,"name":"Contador de gas inteligente"}]},{"@type":"WebSite","@id":"https:\/\/battery9999.com\/#website","url":"https:\/\/battery9999.com\/","name":"\u660c\u8467\u80a1\u4efd\u6709\u9650\u516c\u53f8","description":"\u5c08\u696d\u96fb\u6c60\u7d44\u8a2d\u8a08\/\u751f\u7522\/\u88fd\u9020","potentialAction":[{"@type":"SearchAction","target":{"@type":"EntryPoint","urlTemplate":"https:\/\/battery9999.com\/?s={search_term_string}"},"query-input":{"@type":"PropertyValueSpecification","valueRequired":true,"valueName":"search_term_string"}}],"inLanguage":"es-ES"}]}},"_links":{"self":[{"href":"https:\/\/battery9999.com\/es\/wp-json\/wp\/v2\/pages\/7137"}],"collection":[{"href":"https:\/\/battery9999.com\/es\/wp-json\/wp\/v2\/pages"}],"about":[{"href":"https:\/\/battery9999.com\/es\/wp-json\/wp\/v2\/types\/page"}],"author":[{"embeddable":true,"href":"https:\/\/battery9999.com\/es\/wp-json\/wp\/v2\/users\/12"}],"replies":[{"embeddable":true,"href":"https:\/\/battery9999.com\/es\/wp-json\/wp\/v2\/comments?post=7137"}],"version-history":[{"count":3,"href":"https:\/\/battery9999.com\/es\/wp-json\/wp\/v2\/pages\/7137\/revisions"}],"predecessor-version":[{"id":7840,"href":"https:\/\/battery9999.com\/es\/wp-json\/wp\/v2\/pages\/7137\/revisions\/7840"}],"up":[{"embeddable":true,"href":"https:\/\/battery9999.com\/es\/wp-json\/wp\/v2\/pages\/7136"}],"wp:attachment":[{"href":"https:\/\/battery9999.com\/es\/wp-json\/wp\/v2\/media?parent=7137"}],"curies":[{"name":"wp","href":"https:\/\/api.w.org\/{rel}","templated":true}]}}