{"id":7142,"date":"2013-04-05T13:33:38","date_gmt":"2013-04-05T05:33:38","guid":{"rendered":"https:\/\/battery9999.com\/es\/contast\/"},"modified":"2025-02-19T17:24:30","modified_gmt":"2025-02-19T09:24:30","slug":"contast","status":"publish","type":"page","link":"https:\/\/battery9999.com\/es\/contast\/","title":{"rendered":"Contacto"},"content":{"rendered":"<div id='av_section_1'  class='avia-section av-13f2eg6-3b75467a00e3f39d76a6c98b1dd2c969 main_color avia-section-default avia-no-border-styling  avia-builder-el-0  el_before_av_section  avia-builder-el-first  avia-bg-style-scroll container_wrap sidebar_left'  ><div class='container av-section-cont-open' ><main  role=\"main\" itemprop=\"mainContentOfPage\"  class='template-page content  av-content-small units'><div class='post-entry post-entry-type-page post-entry-7142'><div class='entry-content-wrapper clearfix'>\n<div class='flex_column_table av-111ap1i-87d628f9a4e8e33aeaf43ca0cc93fe6c sc-av_two_fifth av-equal-height-column-flextable'>\n<style type=\"text\/css\" data-created_by=\"avia_inline_auto\" id=\"style-css-av-111ap1i-87d628f9a4e8e33aeaf43ca0cc93fe6c\">\n.flex_column.av-111ap1i-87d628f9a4e8e33aeaf43ca0cc93fe6c{\nborder-radius:0px 0px 0px 0px;\npadding:0px 0px 0px 0px;\n}\n<\/style>\n<div  class='flex_column av-111ap1i-87d628f9a4e8e33aeaf43ca0cc93fe6c av_two_fifth  avia-builder-el-1  el_before_av_three_fifth  avia-builder-el-first  first no_margin flex_column_table_cell av-equal-height-column av-align-middle av-animated-generic left-to-right av-zero-column-padding  '     ><p>\n<style type=\"text\/css\" data-created_by=\"avia_inline_auto\" id=\"style-css-av-zn97na-1ffd7152ed794ab8a2712909797cc996\">\n#top .av-special-heading.av-zn97na-1ffd7152ed794ab8a2712909797cc996{\npadding-bottom:10px;\n}\nbody .av-special-heading.av-zn97na-1ffd7152ed794ab8a2712909797cc996 .av-special-heading-tag .heading-char{\nfont-size:25px;\n}\n.av-special-heading.av-zn97na-1ffd7152ed794ab8a2712909797cc996 .av-subheading{\nfont-size:10px;\n}\n<\/style>\n<div  class='av-special-heading av-zn97na-1ffd7152ed794ab8a2712909797cc996 av-special-heading-h2 meta-heading blockquote modern-quote  avia-builder-el-2  el_before_av_textblock  avia-builder-el-first '><h2 class='av-special-heading-tag '  itemprop=\"headline\"  >Dr.Power Corporation<\/h2><div class=\"special-heading-border\"><div class=\"special-heading-inner-border\"><\/div><\/div><\/div><br \/>\n<section  class='av_textblock_section av-y554h2-5ecb4a92eea6a8299f786cd76c11015d '   itemscope=\"itemscope\" itemtype=\"https:\/\/schema.org\/CreativeWork\" ><div class='avia_textblock'  itemprop=\"text\" ><p>3 FLOOR, NO.131, JILI STREET, BEITOU, TAIP\u00c9I, TAIW\u00c1N, R.O.C.<\/p>\n<p>TEL\u00c9FONO\uff1a<a href=\"tel: +886-2-28207419\"> +886-2-28207419 <\/a><br \/>\nFAX\uff1a+886-2-28270348<br \/>\nCorreo electr\u00f3nico\uff1a<a href=\"mailto:kensong@actiongroup.com.tw\">kensong@actiongroup.com.tw<\/a><\/p>\n<\/div><\/section><\/p><\/div>\n<style type=\"text\/css\" data-created_by=\"avia_inline_auto\" id=\"style-css-av-wfgehi-4fdd0789cfb914e1e680bcd5ff4baa49\">\n.flex_column.av-wfgehi-4fdd0789cfb914e1e680bcd5ff4baa49{\nborder-radius:0px 0px 0px 0px;\npadding:0px 0px 0px 0px;\n}\n<\/style>\n<div  class='flex_column av-wfgehi-4fdd0789cfb914e1e680bcd5ff4baa49 av_three_fifth  avia-builder-el-4  el_after_av_two_fifth  avia-builder-el-last  no_margin flex_column_table_cell av-equal-height-column av-align-middle av-animated-generic right-to-left av-zero-column-padding  '     ><\/div><\/div><!--close column table wrapper. Autoclose: 1 -->\n\n<\/div><\/div><\/main><!-- close content main element --><\/div><\/div>\n<style type=\"text\/css\" data-created_by=\"avia_inline_auto\" id=\"style-css-av-spydie-a75d19d913f8a6ed71960cbdb0f5b245\">\n.avia-section.av-spydie-a75d19d913f8a6ed71960cbdb0f5b245{\nbackground-color:#e3ebed;\nbackground-image:unset;\n}\n<\/style>\n<div id='av_section_2'  class='avia-section av-spydie-a75d19d913f8a6ed71960cbdb0f5b245 main_color avia-section-default avia-no-shadow  avia-builder-el-6  el_after_av_section  avia-builder-el-last  avia-bg-style-scroll container_wrap sidebar_left'  ><div class='container av-section-cont-open' ><div class='template-page content  av-content-small units'><div class='post-entry post-entry-type-page post-entry-7142'><div class='entry-content-wrapper clearfix'>\n\n<style type=\"text\/css\" data-created_by=\"avia_inline_auto\" id=\"style-css-av-rfqa3q-4275385329caeb01980e439008e5cee7\">\n.flex_column.av-rfqa3q-4275385329caeb01980e439008e5cee7{\nborder-radius:0px 0px 0px 0px;\npadding:0px 0px 0px 0px;\n}\n<\/style>\n<div  class='flex_column av-rfqa3q-4275385329caeb01980e439008e5cee7 av_one_fifth  avia-builder-el-7  el_before_av_three_fifth  avia-builder-el-first  first flex_column_div av-zero-column-padding  '     ><\/div>\n<style type=\"text\/css\" data-created_by=\"avia_inline_auto\" id=\"style-css-av-pb8al2-869af95239ef76d560ed27e28d487311\">\n.flex_column.av-pb8al2-869af95239ef76d560ed27e28d487311{\nborder-radius:0px 0px 0px 0px;\npadding:0px 0px 0px 0px;\n}\n<\/style>\n<div  class='flex_column av-pb8al2-869af95239ef76d560ed27e28d487311 av_three_fifth  avia-builder-el-8  el_after_av_one_fifth  el_before_av_one_fifth  flex_column_div av-animated-generic pop-up av-zero-column-padding  '     ><p>\n<style type=\"text\/css\" data-created_by=\"avia_inline_auto\" id=\"style-css-av-2f5dbq-dd6e2d31eed953777a9318f11eb531c5\">\n#top .av-special-heading.av-2f5dbq-dd6e2d31eed953777a9318f11eb531c5{\npadding-bottom:20px;\n}\nbody .av-special-heading.av-2f5dbq-dd6e2d31eed953777a9318f11eb531c5 .av-special-heading-tag .heading-char{\nfont-size:25px;\n}\n.av-special-heading.av-2f5dbq-dd6e2d31eed953777a9318f11eb531c5 .av-subheading{\nfont-size:10px;\n}\n<\/style>\n<div  class='av-special-heading av-2f5dbq-dd6e2d31eed953777a9318f11eb531c5 av-special-heading-h2 meta-heading blockquote modern-quote modern-centered  avia-builder-el-9  el_before_av_contact  avia-builder-el-first '><h2 class='av-special-heading-tag '  itemprop=\"headline\"  >P\u00f3ngase en contacto con nosotros<\/h2><div class=\"special-heading-border\"><div class=\"special-heading-inner-border\"><\/div><\/div><\/div><br \/>\n<form action=\"https:\/\/battery9999.com\/es\/contast\/\" method=\"post\" data-fields-with-error=\"Found errors in the following field(s):\" class=\"avia_ajax_form av-form-labels-visible   avia-builder-el-10  el_after_av_heading  avia-builder-el-last   \" data-avia-form-id=\"1\" data-avia-redirect=''  aria-label='Contact Form' ><fieldset><div id='avia_1_1' class='av-form-text'><\/p>\n<h3 class=\"ss-section-title\"><strong>Informaci\u00f3n<\/strong><\/h3>\n<p>\n<\/div><p class='  first_form  form_element form_element_third' id='element_avia_2_1'><label for=\"avia_2_1\">G\u00e9nero <abbr class=\"required\" title=\"requerido\">*<\/abbr><\/label><select  name=\"avia_2_1\" class=\"select is_empty\" id=\"avia_2_1\"><option   value='Hombre'>Hombre<\/option><option   value='Mujer'>Mujer<\/option><\/select><\/p><p class='  form_element form_element_third' id='element_avia_3_1'><label for=\"avia_3_1\">Nombre <abbr class=\"required\" title=\"requerido\">*<\/abbr><\/label> <input name=\"avia_3_1\" class=\"text_input is_empty\" type=\"text\" id=\"avia_3_1\" value=\"\" \/><\/p><p class='  form_element form_element_third' id='element_avia_4_1'><label for=\"avia_4_1\">Direcci\u00f3n de correo electr\u00f3nico <abbr class=\"required\" title=\"requerido\">*<\/abbr><\/label> <input name=\"avia_4_1\" class=\"text_input is_email\" type=\"text\" id=\"avia_4_1\" value=\"\" \/><\/p><p class='  first_form  form_element form_element_third' id='element_avia_5_1'><label for=\"avia_5_1\">Nombre de la compa\u00f1\u00eda<\/label> <input name=\"avia_5_1\" class=\"text_input \" type=\"text\" id=\"avia_5_1\" value=\"\" \/><\/p><p class='  form_element form_element_third' id='element_avia_6_1'><label for=\"avia_6_1\">T\u00edtulo<\/label> <input name=\"avia_6_1\" class=\"text_input \" type=\"text\" id=\"avia_6_1\" value=\"\" \/><\/p><p class='  form_element form_element_third' id='element_avia_7_1'><label for=\"avia_7_1\">Tel\u00e9fono<\/label> <input name=\"avia_7_1\" class=\"text_input \" type=\"text\" id=\"avia_7_1\" value=\"\" \/><\/p><p class='  first_form  form_element form_element_half' id='element_avia_8_1'><label for=\"avia_8_1\">N\u00famero de tel\u00e9fono m\u00f3vil<\/label> <input name=\"avia_8_1\" class=\"text_input \" type=\"text\" id=\"avia_8_1\" value=\"\" \/><\/p><p class='  form_element form_element_half' id='element_avia_9_1'><label for=\"avia_9_1\">Fax<\/label> <input name=\"avia_9_1\" class=\"text_input \" type=\"text\" id=\"avia_9_1\" value=\"\" \/><\/p><div id='avia_10_1' class='av-form-text'><\/p>\n<h3 class=\"ss-section-title\"><strong>Comentario<\/strong><\/h3>\n<p>\n<\/div><p class='  first_form  form_element form_fullwidth' id='element_avia_11_1'><label for=\"avia_11_1\">Solicitud de art\u00edculos<\/label> <input name=\"avia_11_1\" class=\"text_input \" type=\"text\" id=\"avia_11_1\" value=\"\" \/><\/p><p class='  first_form  form_element form_fullwidth av-last-visible-form-element' id='element_avia_12_1'><label for=\"avia_12_1\" class=\"textare_label hidden textare_label_avia_12_1\">Sugerencias y comentarios <abbr class=\"required\" title=\"requerido\">*<\/abbr><\/label><textarea  name=\"avia_12_1\" class=\"text_area is_empty\" cols=\"40\" rows=\"7\" id=\"avia_12_1\" ><\/textarea><\/p><p class=\"hidden\"><input type=\"text\" name=\"avia_13_1\" class=\"hidden \" id=\"avia_13_1\" value=\"\" \/><\/p><p class=\"form_element \"><input type=\"hidden\" value=\"1\" name=\"avia_generated_form1\" \/><input type=\"submit\" value=\"Enviar\" class=\"button\"  data-sending-label=\"Enviando\"\/><\/p><\/fieldset><\/form><div id=\"ajaxresponse_1\" class=\"ajaxresponse ajaxresponse_1 hidden\"><\/div><\/p><\/div>\n<style type=\"text\/css\" data-created_by=\"avia_inline_auto\" id=\"style-css-av-312c3q-23c194213d1add5c41c93db550267ddb\">\n.flex_column.av-312c3q-23c194213d1add5c41c93db550267ddb{\nborder-radius:0px 0px 0px 0px;\npadding:0px 0px 0px 0px;\n}\n<\/style>\n<div  class='flex_column av-312c3q-23c194213d1add5c41c93db550267ddb av_one_fifth  avia-builder-el-11  el_after_av_three_fifth  avia-builder-el-last  flex_column_div av-zero-column-padding  '     ><\/div><\/div><\/div><\/div><!-- close content main div --><\/div><\/div><div id='after_section_2'  class='main_color av_default_container_wrap container_wrap sidebar_left'  ><div class='container av-section-cont-open' ><div class='template-page content  av-content-small units'><div class='post-entry post-entry-type-page post-entry-7142'><div class='entry-content-wrapper clearfix'>\n","protected":false},"excerpt":{"rendered":"","protected":false},"author":1,"featured_media":0,"parent":0,"menu_order":4,"comment_status":"open","ping_status":"closed","template":"","meta":{"footnotes":""},"class_list":["post-7142","page","type-page","status-publish","hentry"],"yoast_head":"<!-- This site is optimized with the Yoast SEO plugin v24.4 - https:\/\/yoast.com\/wordpress\/plugins\/seo\/ -->\n<title>Contacto<\/title>\n<meta name=\"robots\" content=\"index, follow, max-snippet:-1, max-image-preview:large, max-video-preview:-1\" \/>\n<link rel=\"canonical\" href=\"https:\/\/battery9999.com\/es\/contast\/\" \/>\n<meta property=\"og:locale\" content=\"es_ES\" \/>\n<meta property=\"og:type\" content=\"article\" \/>\n<meta property=\"og:title\" content=\"Contacto\" \/>\n<meta property=\"og:url\" content=\"https:\/\/battery9999.com\/es\/contast\/\" \/>\n<meta property=\"og:site_name\" content=\"\u660c\u8467\u80a1\u4efd\u6709\u9650\u516c\u53f8\" \/>\n<meta property=\"article:modified_time\" content=\"2025-02-19T09:24:30+00:00\" \/>\n<meta name=\"twitter:card\" content=\"summary_large_image\" \/>\n<meta name=\"twitter:label1\" content=\"Est. reading time\" \/>\n\t<meta name=\"twitter:data1\" content=\"1 minute\" \/>\n<script type=\"application\/ld+json\" class=\"yoast-schema-graph\">{\"@context\":\"https:\/\/schema.org\",\"@graph\":[{\"@type\":\"WebPage\",\"@id\":\"https:\/\/battery9999.com\/es\/contast\/\",\"url\":\"https:\/\/battery9999.com\/es\/contast\/\",\"name\":\"Contacto\",\"isPartOf\":{\"@id\":\"https:\/\/battery9999.com\/#website\"},\"datePublished\":\"2013-04-05T05:33:38+00:00\",\"dateModified\":\"2025-02-19T09:24:30+00:00\",\"breadcrumb\":{\"@id\":\"https:\/\/battery9999.com\/es\/contast\/#breadcrumb\"},\"inLanguage\":\"es-ES\",\"potentialAction\":[{\"@type\":\"ReadAction\",\"target\":[\"https:\/\/battery9999.com\/es\/contast\/\"]}]},{\"@type\":\"BreadcrumbList\",\"@id\":\"https:\/\/battery9999.com\/es\/contast\/#breadcrumb\",\"itemListElement\":[{\"@type\":\"ListItem\",\"position\":1,\"name\":\"\u9996\u9801\",\"item\":\"https:\/\/battery9999.com\/es\/\"},{\"@type\":\"ListItem\",\"position\":2,\"name\":\"Contacto\"}]},{\"@type\":\"WebSite\",\"@id\":\"https:\/\/battery9999.com\/#website\",\"url\":\"https:\/\/battery9999.com\/\",\"name\":\"\u660c\u8467\u80a1\u4efd\u6709\u9650\u516c\u53f8\",\"description\":\"\u5c08\u696d\u96fb\u6c60\u7d44\u8a2d\u8a08\/\u751f\u7522\/\u88fd\u9020\",\"potentialAction\":[{\"@type\":\"SearchAction\",\"target\":{\"@type\":\"EntryPoint\",\"urlTemplate\":\"https:\/\/battery9999.com\/?s={search_term_string}\"},\"query-input\":{\"@type\":\"PropertyValueSpecification\",\"valueRequired\":true,\"valueName\":\"search_term_string\"}}],\"inLanguage\":\"es-ES\"}]}<\/script>\n<!-- \/ Yoast SEO plugin. -->","yoast_head_json":{"title":"Contacto","robots":{"index":"index","follow":"follow","max-snippet":"max-snippet:-1","max-image-preview":"max-image-preview:large","max-video-preview":"max-video-preview:-1"},"canonical":"https:\/\/battery9999.com\/es\/contast\/","og_locale":"es_ES","og_type":"article","og_title":"Contacto","og_url":"https:\/\/battery9999.com\/es\/contast\/","og_site_name":"\u660c\u8467\u80a1\u4efd\u6709\u9650\u516c\u53f8","article_modified_time":"2025-02-19T09:24:30+00:00","twitter_card":"summary_large_image","twitter_misc":{"Est. reading time":"1 minute"},"schema":{"@context":"https:\/\/schema.org","@graph":[{"@type":"WebPage","@id":"https:\/\/battery9999.com\/es\/contast\/","url":"https:\/\/battery9999.com\/es\/contast\/","name":"Contacto","isPartOf":{"@id":"https:\/\/battery9999.com\/#website"},"datePublished":"2013-04-05T05:33:38+00:00","dateModified":"2025-02-19T09:24:30+00:00","breadcrumb":{"@id":"https:\/\/battery9999.com\/es\/contast\/#breadcrumb"},"inLanguage":"es-ES","potentialAction":[{"@type":"ReadAction","target":["https:\/\/battery9999.com\/es\/contast\/"]}]},{"@type":"BreadcrumbList","@id":"https:\/\/battery9999.com\/es\/contast\/#breadcrumb","itemListElement":[{"@type":"ListItem","position":1,"name":"\u9996\u9801","item":"https:\/\/battery9999.com\/es\/"},{"@type":"ListItem","position":2,"name":"Contacto"}]},{"@type":"WebSite","@id":"https:\/\/battery9999.com\/#website","url":"https:\/\/battery9999.com\/","name":"\u660c\u8467\u80a1\u4efd\u6709\u9650\u516c\u53f8","description":"\u5c08\u696d\u96fb\u6c60\u7d44\u8a2d\u8a08\/\u751f\u7522\/\u88fd\u9020","potentialAction":[{"@type":"SearchAction","target":{"@type":"EntryPoint","urlTemplate":"https:\/\/battery9999.com\/?s={search_term_string}"},"query-input":{"@type":"PropertyValueSpecification","valueRequired":true,"valueName":"search_term_string"}}],"inLanguage":"es-ES"}]}},"_links":{"self":[{"href":"https:\/\/battery9999.com\/es\/wp-json\/wp\/v2\/pages\/7142"}],"collection":[{"href":"https:\/\/battery9999.com\/es\/wp-json\/wp\/v2\/pages"}],"about":[{"href":"https:\/\/battery9999.com\/es\/wp-json\/wp\/v2\/types\/page"}],"author":[{"embeddable":true,"href":"https:\/\/battery9999.com\/es\/wp-json\/wp\/v2\/users\/1"}],"replies":[{"embeddable":true,"href":"https:\/\/battery9999.com\/es\/wp-json\/wp\/v2\/comments?post=7142"}],"version-history":[{"count":7,"href":"https:\/\/battery9999.com\/es\/wp-json\/wp\/v2\/pages\/7142\/revisions"}],"predecessor-version":[{"id":19645,"href":"https:\/\/battery9999.com\/es\/wp-json\/wp\/v2\/pages\/7142\/revisions\/19645"}],"wp:attachment":[{"href":"https:\/\/battery9999.com\/es\/wp-json\/wp\/v2\/media?parent=7142"}],"curies":[{"name":"wp","href":"https:\/\/api.w.org\/{rel}","templated":true}]}}