{"id":10249,"date":"2013-04-05T13:33:38","date_gmt":"2013-04-05T05:33:38","guid":{"rendered":"https:\/\/battery9999.com\/fr\/contast\/"},"modified":"2025-02-19T17:21:43","modified_gmt":"2025-02-19T09:21:43","slug":"contact","status":"publish","type":"page","link":"https:\/\/battery9999.com\/fr\/contact\/","title":{"rendered":"Contact"},"content":{"rendered":"<div id='av_section_1'  class='avia-section av-aobo2fd-b299866356bc36a74145443104dac8d0 main_color avia-section-default avia-no-border-styling  avia-builder-el-0  el_before_av_section  avia-builder-el-first  avia-bg-style-scroll container_wrap sidebar_left'  ><div class='container av-section-cont-open' ><main  role=\"main\" itemprop=\"mainContentOfPage\"  class='template-page content  av-content-small units'><div class='post-entry post-entry-type-page post-entry-10249'><div class='entry-content-wrapper clearfix'>\n<div class='flex_column_table av-afsoyx5-93b1be9e1c2cb043166e98099f819c72 sc-av_two_fifth av-equal-height-column-flextable'>\n<style type=\"text\/css\" data-created_by=\"avia_inline_auto\" id=\"style-css-av-afsoyx5-93b1be9e1c2cb043166e98099f819c72\">\n.flex_column.av-afsoyx5-93b1be9e1c2cb043166e98099f819c72{\nborder-radius:0px 0px 0px 0px;\npadding:0px 0px 0px 0px;\n}\n<\/style>\n<div  class='flex_column av-afsoyx5-93b1be9e1c2cb043166e98099f819c72 av_two_fifth  avia-builder-el-1  el_before_av_three_fifth  avia-builder-el-first  first no_margin flex_column_table_cell av-equal-height-column av-align-middle av-animated-generic left-to-right av-zero-column-padding  '     ><p>\n<style type=\"text\/css\" data-created_by=\"avia_inline_auto\" id=\"style-css-av-3lofgp-c5f4c3a34bedb0a64ca7bb769812a65c\">\n#top .av-special-heading.av-3lofgp-c5f4c3a34bedb0a64ca7bb769812a65c{\npadding-bottom:10px;\n}\nbody .av-special-heading.av-3lofgp-c5f4c3a34bedb0a64ca7bb769812a65c .av-special-heading-tag .heading-char{\nfont-size:25px;\n}\n.av-special-heading.av-3lofgp-c5f4c3a34bedb0a64ca7bb769812a65c .av-subheading{\nfont-size:10px;\n}\n<\/style>\n<div  class='av-special-heading av-3lofgp-c5f4c3a34bedb0a64ca7bb769812a65c av-special-heading-h2 meta-heading blockquote modern-quote  avia-builder-el-2  el_before_av_textblock  avia-builder-el-first '><h2 class='av-special-heading-tag '  itemprop=\"headline\"  >Dr.Power Corporation<\/h2><div class=\"special-heading-border\"><div class=\"special-heading-inner-border\"><\/div><\/div><\/div><br \/>\n<section  class='av_textblock_section av-9cg6gg9-292e55cc37829863addabecf8b6784b3 '   itemscope=\"itemscope\" itemtype=\"https:\/\/schema.org\/CreativeWork\" ><div class='avia_textblock'  itemprop=\"text\" ><p>3 FLOOR, NO.131, JILI STREET, BEITOU, TAIPEI, TAIWAN, R.O.C.<\/p>\n<p>T\u00e9l\uff1a<a href=\"tel:+886(0)-2-28207419\">+886(0)-2-28207419<\/a><br \/>\nFax\uff1a+886(0)-2-28270348<br \/>\nAdresse e-mail\uff1a<a href=\"mailto:kensong@actiongroup.com.tw\">kensong@actiongroup.com.tw<\/a><\/p>\n<\/div><\/section><\/p><\/div>\n<style type=\"text\/css\" data-created_by=\"avia_inline_auto\" id=\"style-css-av-8u3qb3d-66684af85ac824ca485b5995b2fe3628\">\n.flex_column.av-8u3qb3d-66684af85ac824ca485b5995b2fe3628{\nborder-radius:0px 0px 0px 0px;\npadding:0px 0px 0px 0px;\n}\n<\/style>\n<div  class='flex_column av-8u3qb3d-66684af85ac824ca485b5995b2fe3628 av_three_fifth  avia-builder-el-4  el_after_av_two_fifth  avia-builder-el-last  no_margin flex_column_table_cell av-equal-height-column av-align-middle av-animated-generic right-to-left av-zero-column-padding  '     ><\/div><\/div><!--close column table wrapper. Autoclose: 1 -->\n\n<\/div><\/div><\/main><!-- close content main element --><\/div><\/div>\n<style type=\"text\/css\" data-created_by=\"avia_inline_auto\" id=\"style-css-av-7y22o7d-3357b286530a1290e26099d1c0a89a11\">\n.avia-section.av-7y22o7d-3357b286530a1290e26099d1c0a89a11{\nbackground-color:#e3ebed;\nbackground-image:unset;\n}\n<\/style>\n<div id='av_section_2'  class='avia-section av-7y22o7d-3357b286530a1290e26099d1c0a89a11 main_color avia-section-default avia-no-shadow  avia-builder-el-6  el_after_av_section  avia-builder-el-last  avia-bg-style-scroll container_wrap sidebar_left'  ><div class='container av-section-cont-open' ><div class='template-page content  av-content-small units'><div class='post-entry post-entry-type-page post-entry-10249'><div class='entry-content-wrapper clearfix'>\n\n<style type=\"text\/css\" data-created_by=\"avia_inline_auto\" id=\"style-css-av-7egskzt-7ee7df594b257634dbeb4287052d8c6c\">\n.flex_column.av-7egskzt-7ee7df594b257634dbeb4287052d8c6c{\nborder-radius:0px 0px 0px 0px;\npadding:0px 0px 0px 0px;\n}\n<\/style>\n<div  class='flex_column av-7egskzt-7ee7df594b257634dbeb4287052d8c6c av_one_fifth  avia-builder-el-7  el_before_av_three_fifth  avia-builder-el-first  first flex_column_div av-zero-column-padding  '     ><\/div>\n<style type=\"text\/css\" data-created_by=\"avia_inline_auto\" id=\"style-css-av-73aof0p-f668387c6297e3f265285ae5944e4793\">\n.flex_column.av-73aof0p-f668387c6297e3f265285ae5944e4793{\nborder-radius:0px 0px 0px 0px;\npadding:0px 0px 0px 0px;\n}\n<\/style>\n<div  class='flex_column av-73aof0p-f668387c6297e3f265285ae5944e4793 av_three_fifth  avia-builder-el-8  el_after_av_one_fifth  el_before_av_one_fifth  flex_column_div av-animated-generic pop-up av-zero-column-padding  '     ><p>\n<style type=\"text\/css\" data-created_by=\"avia_inline_auto\" id=\"style-css-av-6m4srex-226a8c0ec54801ffeb0cc58ef3a4cbf8\">\n#top .av-special-heading.av-6m4srex-226a8c0ec54801ffeb0cc58ef3a4cbf8{\npadding-bottom:20px;\n}\nbody .av-special-heading.av-6m4srex-226a8c0ec54801ffeb0cc58ef3a4cbf8 .av-special-heading-tag .heading-char{\nfont-size:25px;\n}\n.av-special-heading.av-6m4srex-226a8c0ec54801ffeb0cc58ef3a4cbf8 .av-subheading{\nfont-size:10px;\n}\n<\/style>\n<div  class='av-special-heading av-6m4srex-226a8c0ec54801ffeb0cc58ef3a4cbf8 av-special-heading-h2 meta-heading blockquote modern-quote modern-centered  avia-builder-el-9  el_before_av_contact  avia-builder-el-first '><h2 class='av-special-heading-tag '  itemprop=\"headline\"  >Contactez-nous<\/h2><div class=\"special-heading-border\"><div class=\"special-heading-inner-border\"><\/div><\/div><\/div><br \/>\n<form action=\"https:\/\/battery9999.com\/fr\/contact\/\" method=\"post\" data-fields-with-error=\"Erreurs trouv\u00e9es dans les champs suivants :\" class=\"avia_ajax_form av-form-labels-visible   avia-builder-el-10  el_after_av_heading  avia-builder-el-last   \" data-avia-form-id=\"1\" data-avia-redirect=''  aria-label='Contact Form' ><fieldset><div id='avia_1_1' class='av-form-text'><\/p>\n<h3 class=\"ss-section-title\"><strong>Information<\/strong><\/h3>\n<p>\n<\/div><p class='  first_form  form_element form_element_third' id='element_avia_2_1'><label for=\"avia_2_1\">Sexe <abbr class=\"required\" title=\"requis(e)\">*<\/abbr><\/label><select  name=\"avia_2_1\" class=\"select is_empty\" id=\"avia_2_1\"><option   value='Homme'>Homme<\/option><option   value='Femme'>Femme<\/option><\/select><\/p><p class='  form_element form_element_third' id='element_avia_3_1'><label for=\"avia_3_1\">Nom <abbr class=\"required\" title=\"requis(e)\">*<\/abbr><\/label> <input name=\"avia_3_1\" class=\"text_input is_empty\" type=\"text\" id=\"avia_3_1\" value=\"\" \/><\/p><p class='  form_element form_element_third' id='element_avia_4_1'><label for=\"avia_4_1\">Adresse email <abbr class=\"required\" title=\"requis(e)\">*<\/abbr><\/label> <input name=\"avia_4_1\" class=\"text_input is_email\" type=\"text\" id=\"avia_4_1\" value=\"\" \/><\/p><p class='  first_form  form_element form_element_third' id='element_avia_5_1'><label for=\"avia_5_1\">Nom de la soci\u00e9t\u00e9<\/label> <input name=\"avia_5_1\" class=\"text_input \" type=\"text\" id=\"avia_5_1\" value=\"\" \/><\/p><p class='  form_element form_element_third' id='element_avia_6_1'><label for=\"avia_6_1\">Titre<\/label> <input name=\"avia_6_1\" class=\"text_input \" type=\"text\" id=\"avia_6_1\" value=\"\" \/><\/p><p class='  form_element form_element_third' id='element_avia_7_1'><label for=\"avia_7_1\">T\u00e9l<\/label> <input name=\"avia_7_1\" class=\"text_input \" type=\"text\" id=\"avia_7_1\" value=\"\" \/><\/p><p class='  first_form  form_element form_element_half' id='element_avia_8_1'><label for=\"avia_8_1\">Num\u00e9ro de t\u00e9l\u00e9phone portable<\/label> <input name=\"avia_8_1\" class=\"text_input \" type=\"text\" id=\"avia_8_1\" value=\"\" \/><\/p><p class='  form_element form_element_half' id='element_avia_9_1'><label for=\"avia_9_1\">Fax<\/label> <input name=\"avia_9_1\" class=\"text_input \" type=\"text\" id=\"avia_9_1\" value=\"\" \/><\/p><div id='avia_10_1' class='av-form-text'><\/p>\n<h3 class=\"ss-section-title\"><strong>Commentaire<\/strong><\/h3>\n<p>\n<\/div><p class='  first_form  form_element form_fullwidth' id='element_avia_11_1'><label for=\"avia_11_1\">Demande d\u2019article(s)<\/label> <input name=\"avia_11_1\" class=\"text_input \" type=\"text\" id=\"avia_11_1\" value=\"\" \/><\/p><p class='  first_form  form_element form_fullwidth av-last-visible-form-element' id='element_avia_12_1'><label for=\"avia_12_1\" class=\"textare_label hidden textare_label_avia_12_1\">Suggestion(s)\/ Commentaire(s)  <abbr class=\"required\" title=\"requis(e)\">*<\/abbr><\/label><textarea  name=\"avia_12_1\" class=\"text_area is_empty\" cols=\"40\" rows=\"7\" id=\"avia_12_1\" ><\/textarea><\/p><p class=\"hidden\"><input type=\"text\" name=\"avia_13_1\" class=\"hidden \" id=\"avia_13_1\" value=\"\" \/><\/p><p class=\"form_element \"><input type=\"hidden\" value=\"1\" name=\"avia_generated_form1\" \/><input type=\"submit\" value=\"Envoyer\" class=\"button\"  data-sending-label=\"Envoi\"\/><\/p><\/fieldset><\/form><div id=\"ajaxresponse_1\" class=\"ajaxresponse ajaxresponse_1 hidden\"><\/div><\/p><\/div>\n<style type=\"text\/css\" data-created_by=\"avia_inline_auto\" id=\"style-css-av-qn1955-da8313f5e734846b5d44fbf6f44f9d74\">\n.flex_column.av-qn1955-da8313f5e734846b5d44fbf6f44f9d74{\nborder-radius:0px 0px 0px 0px;\npadding:0px 0px 0px 0px;\n}\n<\/style>\n<div  class='flex_column av-qn1955-da8313f5e734846b5d44fbf6f44f9d74 av_one_fifth  avia-builder-el-11  el_after_av_three_fifth  avia-builder-el-last  flex_column_div av-zero-column-padding  '     ><\/div><\/div><\/div><\/div><!-- close content main div --><\/div><\/div><div id='after_section_2'  class='main_color av_default_container_wrap container_wrap sidebar_left'  ><div class='container av-section-cont-open' ><div class='template-page content  av-content-small units'><div class='post-entry post-entry-type-page post-entry-10249'><div class='entry-content-wrapper clearfix'>\n","protected":false},"excerpt":{"rendered":"","protected":false},"author":1,"featured_media":0,"parent":0,"menu_order":4,"comment_status":"open","ping_status":"closed","template":"","meta":{"footnotes":""},"class_list":["post-10249","page","type-page","status-publish","hentry"],"yoast_head":"<!-- This site is optimized with the Yoast SEO plugin v24.4 - https:\/\/yoast.com\/wordpress\/plugins\/seo\/ -->\n<title>\u806f\u7d61\u6211\u5011<\/title>\n<meta name=\"robots\" content=\"index, follow, max-snippet:-1, max-image-preview:large, max-video-preview:-1\" \/>\n<link rel=\"canonical\" href=\"https:\/\/battery9999.com\/fr\/contact\/\" \/>\n<meta property=\"og:locale\" content=\"fr_FR\" \/>\n<meta property=\"og:type\" content=\"article\" \/>\n<meta property=\"og:title\" content=\"\u806f\u7d61\u6211\u5011\" \/>\n<meta property=\"og:url\" content=\"https:\/\/battery9999.com\/fr\/contact\/\" \/>\n<meta property=\"og:site_name\" content=\"\u660c\u8467\u80a1\u4efd\u6709\u9650\u516c\u53f8\" \/>\n<meta property=\"article:modified_time\" content=\"2025-02-19T09:21:43+00:00\" \/>\n<meta name=\"twitter:card\" content=\"summary_large_image\" \/>\n<meta name=\"twitter:label1\" content=\"Est. reading time\" \/>\n\t<meta name=\"twitter:data1\" content=\"1 minute\" \/>\n<script type=\"application\/ld+json\" class=\"yoast-schema-graph\">{\"@context\":\"https:\/\/schema.org\",\"@graph\":[{\"@type\":\"WebPage\",\"@id\":\"https:\/\/battery9999.com\/fr\/contact\/\",\"url\":\"https:\/\/battery9999.com\/fr\/contact\/\",\"name\":\"\u806f\u7d61\u6211\u5011\",\"isPartOf\":{\"@id\":\"https:\/\/battery9999.com\/#website\"},\"datePublished\":\"2013-04-05T05:33:38+00:00\",\"dateModified\":\"2025-02-19T09:21:43+00:00\",\"breadcrumb\":{\"@id\":\"https:\/\/battery9999.com\/fr\/contact\/#breadcrumb\"},\"inLanguage\":\"fr-FR\",\"potentialAction\":[{\"@type\":\"ReadAction\",\"target\":[\"https:\/\/battery9999.com\/fr\/contact\/\"]}]},{\"@type\":\"BreadcrumbList\",\"@id\":\"https:\/\/battery9999.com\/fr\/contact\/#breadcrumb\",\"itemListElement\":[{\"@type\":\"ListItem\",\"position\":1,\"name\":\"\u9996\u9801\",\"item\":\"https:\/\/battery9999.com\/fr\/\"},{\"@type\":\"ListItem\",\"position\":2,\"name\":\"Contact\"}]},{\"@type\":\"WebSite\",\"@id\":\"https:\/\/battery9999.com\/#website\",\"url\":\"https:\/\/battery9999.com\/\",\"name\":\"\u660c\u8467\u80a1\u4efd\u6709\u9650\u516c\u53f8\",\"description\":\"\u5c08\u696d\u96fb\u6c60\u7d44\u8a2d\u8a08\/\u751f\u7522\/\u88fd\u9020\",\"potentialAction\":[{\"@type\":\"SearchAction\",\"target\":{\"@type\":\"EntryPoint\",\"urlTemplate\":\"https:\/\/battery9999.com\/?s={search_term_string}\"},\"query-input\":{\"@type\":\"PropertyValueSpecification\",\"valueRequired\":true,\"valueName\":\"search_term_string\"}}],\"inLanguage\":\"fr-FR\"}]}<\/script>\n<!-- \/ Yoast SEO plugin. -->","yoast_head_json":{"title":"\u806f\u7d61\u6211\u5011","robots":{"index":"index","follow":"follow","max-snippet":"max-snippet:-1","max-image-preview":"max-image-preview:large","max-video-preview":"max-video-preview:-1"},"canonical":"https:\/\/battery9999.com\/fr\/contact\/","og_locale":"fr_FR","og_type":"article","og_title":"\u806f\u7d61\u6211\u5011","og_url":"https:\/\/battery9999.com\/fr\/contact\/","og_site_name":"\u660c\u8467\u80a1\u4efd\u6709\u9650\u516c\u53f8","article_modified_time":"2025-02-19T09:21:43+00:00","twitter_card":"summary_large_image","twitter_misc":{"Est. reading time":"1 minute"},"schema":{"@context":"https:\/\/schema.org","@graph":[{"@type":"WebPage","@id":"https:\/\/battery9999.com\/fr\/contact\/","url":"https:\/\/battery9999.com\/fr\/contact\/","name":"\u806f\u7d61\u6211\u5011","isPartOf":{"@id":"https:\/\/battery9999.com\/#website"},"datePublished":"2013-04-05T05:33:38+00:00","dateModified":"2025-02-19T09:21:43+00:00","breadcrumb":{"@id":"https:\/\/battery9999.com\/fr\/contact\/#breadcrumb"},"inLanguage":"fr-FR","potentialAction":[{"@type":"ReadAction","target":["https:\/\/battery9999.com\/fr\/contact\/"]}]},{"@type":"BreadcrumbList","@id":"https:\/\/battery9999.com\/fr\/contact\/#breadcrumb","itemListElement":[{"@type":"ListItem","position":1,"name":"\u9996\u9801","item":"https:\/\/battery9999.com\/fr\/"},{"@type":"ListItem","position":2,"name":"Contact"}]},{"@type":"WebSite","@id":"https:\/\/battery9999.com\/#website","url":"https:\/\/battery9999.com\/","name":"\u660c\u8467\u80a1\u4efd\u6709\u9650\u516c\u53f8","description":"\u5c08\u696d\u96fb\u6c60\u7d44\u8a2d\u8a08\/\u751f\u7522\/\u88fd\u9020","potentialAction":[{"@type":"SearchAction","target":{"@type":"EntryPoint","urlTemplate":"https:\/\/battery9999.com\/?s={search_term_string}"},"query-input":{"@type":"PropertyValueSpecification","valueRequired":true,"valueName":"search_term_string"}}],"inLanguage":"fr-FR"}]}},"_links":{"self":[{"href":"https:\/\/battery9999.com\/fr\/wp-json\/wp\/v2\/pages\/10249"}],"collection":[{"href":"https:\/\/battery9999.com\/fr\/wp-json\/wp\/v2\/pages"}],"about":[{"href":"https:\/\/battery9999.com\/fr\/wp-json\/wp\/v2\/types\/page"}],"author":[{"embeddable":true,"href":"https:\/\/battery9999.com\/fr\/wp-json\/wp\/v2\/users\/1"}],"replies":[{"embeddable":true,"href":"https:\/\/battery9999.com\/fr\/wp-json\/wp\/v2\/comments?post=10249"}],"version-history":[{"count":7,"href":"https:\/\/battery9999.com\/fr\/wp-json\/wp\/v2\/pages\/10249\/revisions"}],"predecessor-version":[{"id":19641,"href":"https:\/\/battery9999.com\/fr\/wp-json\/wp\/v2\/pages\/10249\/revisions\/19641"}],"wp:attachment":[{"href":"https:\/\/battery9999.com\/fr\/wp-json\/wp\/v2\/media?parent=10249"}],"curies":[{"name":"wp","href":"https:\/\/api.w.org\/{rel}","templated":true}]}}